{"id":1086,"date":"2016-01-13T14:15:58","date_gmt":"2016-01-13T13:15:58","guid":{"rendered":"http:\/\/pimpaud.free.fr\/wordpress\/?page_id=1086"},"modified":"2017-11-19T17:11:22","modified_gmt":"2017-11-19T16:11:22","slug":"villa-de-diomede-a-pompei","status":"publish","type":"page","link":"http:\/\/www.archeo3d.net\/?page_id=1086","title":{"rendered":"Villa de Diom\u00e8de \u00e0 Pomp\u00e9i"},"content":{"rendered":"<p>Projet en collaboration avec la soci\u00e9t\u00e9 Iconem, l&rsquo;INRIA et l&rsquo;ENS<\/p>\n<p>page du projet : <a href=\"http:\/\/villadiomede.huma-num.fr\/3dproject\/\" target=\"_blank\">http:\/\/villadiomede.huma-num.fr\/3dproject\/<\/a><\/p>\n<p>&nbsp;<\/p>\n<p>Quelques travaux en cours de r\u00e9alisation sur les diff\u00e9rentes composantes de la villa :<\/p>\n<p>&#8211; <a href=\"http:\/\/pimpaud.free.fr\/wordpress\/?page_id=1548\">espace 89<\/a><\/p>\n","protected":false},"excerpt":{"rendered":"<p class=\"excerpt\">Projet en collaboration avec la soci\u00e9t\u00e9 Iconem, l&rsquo;INRIA et l&rsquo;ENS page du projet : http:\/\/villadiomede.huma-num.fr\/3dproject\/ &nbsp; Quelques travaux en cours de r\u00e9alisation sur les diff\u00e9rentes composantes de la villa : &#8211; espace 89 <a href=\"http:\/\/www.archeo3d.net\/?page_id=1086\">Read more &rarr;<\/a><\/p>\n","protected":false},"author":1,"featured_media":0,"parent":386,"menu_order":0,"comment_status":"closed","ping_status":"closed","template":"","meta":{"spay_email":""},"jetpack_sharing_enabled":true,"jetpack_shortlink":"https:\/\/wp.me\/P9Yk8b-hw","_links":{"self":[{"href":"http:\/\/www.archeo3d.net\/index.php?rest_route=\/wp\/v2\/pages\/1086"}],"collection":[{"href":"http:\/\/www.archeo3d.net\/index.php?rest_route=\/wp\/v2\/pages"}],"about":[{"href":"http:\/\/www.archeo3d.net\/index.php?rest_route=\/wp\/v2\/types\/page"}],"author":[{"embeddable":true,"href":"http:\/\/www.archeo3d.net\/index.php?rest_route=\/wp\/v2\/users\/1"}],"replies":[{"embeddable":true,"href":"http:\/\/www.archeo3d.net\/index.php?rest_route=%2Fwp%2Fv2%2Fcomments&post=1086"}],"version-history":[{"count":5,"href":"http:\/\/www.archeo3d.net\/index.php?rest_route=\/wp\/v2\/pages\/1086\/revisions"}],"predecessor-version":[{"id":1566,"href":"http:\/\/www.archeo3d.net\/index.php?rest_route=\/wp\/v2\/pages\/1086\/revisions\/1566"}],"up":[{"embeddable":true,"href":"http:\/\/www.archeo3d.net\/index.php?rest_route=\/wp\/v2\/pages\/386"}],"wp:attachment":[{"href":"http:\/\/www.archeo3d.net\/index.php?rest_route=%2Fwp%2Fv2%2Fmedia&parent=1086"}],"curies":[{"name":"wp","href":"https:\/\/api.w.org\/{rel}","templated":true}]}}