{"id":376,"date":"2014-06-03T13:59:10","date_gmt":"2014-06-03T12:59:10","guid":{"rendered":"http:\/\/pimpaud.free.fr\/wordpress\/?page_id=376"},"modified":"2017-01-31T01:17:22","modified_gmt":"2017-01-31T00:17:22","slug":"occupations-romaine-et-byzantine-de-la-montagne-de-thebes","status":"publish","type":"page","link":"http:\/\/www.archeo3d.net\/?page_id=376","title":{"rendered":"Occupations romaine et byzantine de la montagne de Th\u00e8bes"},"content":{"rendered":"<p>Cartographie des prospections r\u00e9alis\u00e9es par G. Lecuyot et son \u00e9quipe.<\/p>\n<p>&nbsp;<\/p>\n<p><a href=\"http:\/\/www.academia.edu\/26974271\/Carte_de_la_rive_gauche_du_Nil_%C3%A0_Th%C3%A8bes_%C3%A0_l_%C3%A9poque_romaine._A-B._Pimpaud_G._Lecuyot_Cartes_pour_l_%C3%A9tude_de_la_rive_gauche_de_Th%C3%A8bes_aux_%C3%A9poques_romaines_et_byzantines_Memnonia_XXIV_2013_pl._XXXI\" target=\"_blank\">https:\/\/www.academia.edu\/26974271\/Carte_de_la_rive_gauche_du_Nil_%C3%A0_Th%C3%A8bes_%C3%A0_l_%C3%A9poque_romaine._A-B._Pimpaud_G._Lecuyot_Cartes_pour_l_%C3%A9tude_de_la_rive_gauche_de_Th%C3%A8bes_aux_%C3%A9poques_romaines_et_byzantines_Memnonia_XXIV_2013_pl._XXXI<\/a><\/p>\n<p>&nbsp;<\/p>\n<p><a href=\"https:\/\/www.academia.edu\/26974313\/Carte_de_la_rive_gauche_du_Nil_%C3%A0_Th%C3%A8bes_%C3%A0_l_%C3%A9poque_byzantine._A-B._Pimpaud_G._Lecuyot_Cartes_pour_l_%C3%A9tude_de_la_rive_gauche_de_Th%C3%A8bes_aux_%C3%A9poques_romaines_et_byzantines_Memnonia_XXIV_2013_pl._XXXII\" target=\"_blank\">http:\/\/www.academia.edu\/26974313\/Carte_de_la_rive_gauche_du_Nil_%C3%A0_Th%C3%A8bes_%C3%A0_l_%C3%A9poque_byzantine._A-B._Pimpaud_G._Lecuyot_Cartes_pour_l_%C3%A9tude_de_la_rive_gauche_de_Th%C3%A8bes_aux_%C3%A9poques_romaines_et_byzantines_Memnonia_XXIV_2013_pl._XXXII<\/a><\/p>\n<p>&nbsp;<\/p>\n<p>&nbsp;<\/p>\n","protected":false},"excerpt":{"rendered":"<p class=\"excerpt\">Cartographie des prospections r\u00e9alis\u00e9es par G. Lecuyot et son \u00e9quipe. &nbsp; https:\/\/www.academia.edu\/26974271\/Carte_de_la_rive_gauche_du_Nil_%C3%A0_Th%C3%A8bes_%C3%A0_l_%C3%A9poque_romaine._A-B._Pimpaud_G._Lecuyot_Cartes_pour_l_%C3%A9tude_de_la_rive_gauche_de_Th%C3%A8bes_aux_%C3%A9poques_romaines_et_byzantines_Memnonia_XXIV_2013_pl._XXXI &nbsp; http:\/\/www.academia.edu\/26974313\/Carte_de_la_rive_gauche_du_Nil_%C3%A0_Th%C3%A8bes_%C3%A0_l_%C3%A9poque_byzantine._A-B._Pimpaud_G._Lecuyot_Cartes_pour_l_%C3%A9tude_de_la_rive_gauche_de_Th%C3%A8bes_aux_%C3%A9poques_romaines_et_byzantines_Memnonia_XXIV_2013_pl._XXXII &nbsp; &nbsp; <a href=\"http:\/\/www.archeo3d.net\/?page_id=376\">Read more &rarr;<\/a><\/p>\n","protected":false},"author":1,"featured_media":0,"parent":386,"menu_order":0,"comment_status":"closed","ping_status":"closed","template":"","meta":{"spay_email":""},"jetpack_sharing_enabled":true,"jetpack_shortlink":"https:\/\/wp.me\/P9Yk8b-64","_links":{"self":[{"href":"http:\/\/www.archeo3d.net\/index.php?rest_route=\/wp\/v2\/pages\/376"}],"collection":[{"href":"http:\/\/www.archeo3d.net\/index.php?rest_route=\/wp\/v2\/pages"}],"about":[{"href":"http:\/\/www.archeo3d.net\/index.php?rest_route=\/wp\/v2\/types\/page"}],"author":[{"embeddable":true,"href":"http:\/\/www.archeo3d.net\/index.php?rest_route=\/wp\/v2\/users\/1"}],"replies":[{"embeddable":true,"href":"http:\/\/www.archeo3d.net\/index.php?rest_route=%2Fwp%2Fv2%2Fcomments&post=376"}],"version-history":[{"count":6,"href":"http:\/\/www.archeo3d.net\/index.php?rest_route=\/wp\/v2\/pages\/376\/revisions"}],"predecessor-version":[{"id":1412,"href":"http:\/\/www.archeo3d.net\/index.php?rest_route=\/wp\/v2\/pages\/376\/revisions\/1412"}],"up":[{"embeddable":true,"href":"http:\/\/www.archeo3d.net\/index.php?rest_route=\/wp\/v2\/pages\/386"}],"wp:attachment":[{"href":"http:\/\/www.archeo3d.net\/index.php?rest_route=%2Fwp%2Fv2%2Fmedia&parent=376"}],"curies":[{"name":"wp","href":"https:\/\/api.w.org\/{rel}","templated":true}]}}