{"id":64,"date":"2007-08-09T01:41:55","date_gmt":"2007-08-09T00:41:55","guid":{"rendered":"http:\/\/albanbrice.pimpaud.free.fr\/wordpress\/?page_id=64"},"modified":"2017-01-04T23:38:35","modified_gmt":"2017-01-04T22:38:35","slug":"info","status":"publish","type":"page","link":"http:\/\/www.archeo3d.net\/?page_id=64","title":{"rendered":"Informations l\u00e9gales"},"content":{"rendered":"<p><strong>Les documents diffus\u00e9s sur ce site<\/strong> (illustrations, photos, vid\u00e9os, etc.) <strong>ne sont pas libres de droits<\/strong>. Pour des raisons de protection de droits d&rsquo;auteur, <strong>les documents propos\u00e9s ici sont en version basse r\u00e9solution<\/strong> convenant \u00e0 une consultation sur internet. <strong>Si vous souhaitez utiliser ces documents \u00e0 des fins de publication<\/strong> destin\u00e9e \u00e0 la vente (\u00e9dition, presse, production audiovisuelle, multim\u00e9dia et internet, etc), <strong>pri\u00e8re de me contacter directement<\/strong>, je dispose bien entendu des versions haute r\u00e9solution et des bases de donn\u00e9es 3D pour la plupart d&rsquo;entre eux.<\/p>\n<p>En revanche, <strong>j&rsquo;autorise l&rsquo;utilisation, \u00e0 des fins personnelles et non lucratives<\/strong>, des images cr\u00e9dit\u00e9es <strong>exclusivement <\/strong>de mon nom, sous r\u00e9serve que soient correctement mentionn\u00e9s les cr\u00e9dits (<a title=\"archeo3d\" href=\"http:\/\/www.archeo3d.net\/\">\u00a9 A.-B. Pimpaud, www.archeo3d.net<\/a>) et que les documents ne soient pas modifi\u00e9s. <strong>Les images faisant intervenir d&rsquo;autres ayants droits ou institutions ne rentrent pas dans le cadre de cette autorisation<\/strong>.<\/p>\n<p>Je vous informe par ailleurs que <strong>tous les documents pr\u00e9sent\u00e9s sur ce site ne sont pas mon enti\u00e8re propri\u00e9t\u00e9<\/strong> et je vous invite \u00e0 contacter directement les d\u00e9tenteurs des droits, ils sont mentionn\u00e9s le cas \u00e9ch\u00e9ant.<\/p>\n<p>Je remercie les d\u00e9veloppeurs des moteurs de publication qui, en offrant \u00e0 tous des outils libres, m&rsquo;ont permis de publier ce site:<\/p>\n<ul class=\"offsite\">\n<li><a title=\"WordPress\" href=\"http:\/\/wordpress.org\/\">WordPress<\/a> pour le moteur de blog<\/li>\n<li title=\"PhpWebGallery\"><a href=\"https:\/\/themes.bavotasan.com\/\">Bavotasan<\/a> pour le th\u00e8me Arcade<\/li>\n<li>et que les oubli\u00e9s, s&rsquo;il en est, m&rsquo;en excusent et en soient remerci\u00e9s&#8230;<\/li>\n<\/ul>\n","protected":false},"excerpt":{"rendered":"<p class=\"excerpt\">Les documents diffus\u00e9s sur ce site (illustrations, photos, vid\u00e9os, etc.) ne sont pas libres de droits. Pour des raisons de protection de droits d&rsquo;auteur, les documents propos\u00e9s ici sont en version basse r\u00e9solution convenant \u00e0 une consultation sur internet. Si vous souhaitez utiliser ces documents \u00e0 des fins de publication destin\u00e9e \u00e0 la vente (\u00e9dition, presse, production audiovisuelle, multim\u00e9dia et&hellip; <a href=\"http:\/\/www.archeo3d.net\/?page_id=64\">Read more &rarr;<\/a><\/p>\n","protected":false},"author":1,"featured_media":0,"parent":0,"menu_order":8,"comment_status":"closed","ping_status":"closed","template":"","meta":{"spay_email":""},"jetpack_sharing_enabled":true,"jetpack_shortlink":"https:\/\/wp.me\/P9Yk8b-12","_links":{"self":[{"href":"http:\/\/www.archeo3d.net\/index.php?rest_route=\/wp\/v2\/pages\/64"}],"collection":[{"href":"http:\/\/www.archeo3d.net\/index.php?rest_route=\/wp\/v2\/pages"}],"about":[{"href":"http:\/\/www.archeo3d.net\/index.php?rest_route=\/wp\/v2\/types\/page"}],"author":[{"embeddable":true,"href":"http:\/\/www.archeo3d.net\/index.php?rest_route=\/wp\/v2\/users\/1"}],"replies":[{"embeddable":true,"href":"http:\/\/www.archeo3d.net\/index.php?rest_route=%2Fwp%2Fv2%2Fcomments&post=64"}],"version-history":[{"count":6,"href":"http:\/\/www.archeo3d.net\/index.php?rest_route=\/wp\/v2\/pages\/64\/revisions"}],"predecessor-version":[{"id":1337,"href":"http:\/\/www.archeo3d.net\/index.php?rest_route=\/wp\/v2\/pages\/64\/revisions\/1337"}],"wp:attachment":[{"href":"http:\/\/www.archeo3d.net\/index.php?rest_route=%2Fwp%2Fv2%2Fmedia&parent=64"}],"curies":[{"name":"wp","href":"https:\/\/api.w.org\/{rel}","templated":true}]}}