{"id":820,"date":"2014-07-10T08:40:08","date_gmt":"2014-07-10T07:40:08","guid":{"rendered":"http:\/\/pimpaud.free.fr\/wordpress\/?page_id=820"},"modified":"2017-01-31T12:43:23","modified_gmt":"2017-01-31T11:43:23","slug":"modeles-3d","status":"publish","type":"page","link":"http:\/\/www.archeo3d.net\/?page_id=820","title":{"rendered":"Mod\u00e8les 3D"},"content":{"rendered":"<p><iframe src=\"https:\/\/sketchfab.com\/models\/fac74dbe0ffb4eef825227daf559edfe\/embed\" width=\"1200\" height=\"700\" frameborder=\"0\" allowfullscreen=\"allowfullscreen\"><\/iframe><\/p>\n<p>Maquette en li\u00e8ge du th\u00e9\u00e2tre d&rsquo;A. Pelet conserv\u00e9e au Mus\u00e9e de N\u00eemes. Num\u00e9risation A.-B. Pimpaud<\/p>\n","protected":false},"excerpt":{"rendered":"<p class=\"excerpt\">Maquette en li\u00e8ge du th\u00e9\u00e2tre d&rsquo;A. Pelet conserv\u00e9e au Mus\u00e9e de N\u00eemes. Num\u00e9risation A.-B. Pimpaud <a href=\"http:\/\/www.archeo3d.net\/?page_id=820\">Read more &rarr;<\/a><\/p>\n","protected":false},"author":1,"featured_media":0,"parent":301,"menu_order":0,"comment_status":"closed","ping_status":"closed","template":"","meta":{"spay_email":""},"jetpack_sharing_enabled":true,"jetpack_shortlink":"https:\/\/wp.me\/P9Yk8b-de","_links":{"self":[{"href":"http:\/\/www.archeo3d.net\/index.php?rest_route=\/wp\/v2\/pages\/820"}],"collection":[{"href":"http:\/\/www.archeo3d.net\/index.php?rest_route=\/wp\/v2\/pages"}],"about":[{"href":"http:\/\/www.archeo3d.net\/index.php?rest_route=\/wp\/v2\/types\/page"}],"author":[{"embeddable":true,"href":"http:\/\/www.archeo3d.net\/index.php?rest_route=\/wp\/v2\/users\/1"}],"replies":[{"embeddable":true,"href":"http:\/\/www.archeo3d.net\/index.php?rest_route=%2Fwp%2Fv2%2Fcomments&post=820"}],"version-history":[{"count":2,"href":"http:\/\/www.archeo3d.net\/index.php?rest_route=\/wp\/v2\/pages\/820\/revisions"}],"predecessor-version":[{"id":1455,"href":"http:\/\/www.archeo3d.net\/index.php?rest_route=\/wp\/v2\/pages\/820\/revisions\/1455"}],"up":[{"embeddable":true,"href":"http:\/\/www.archeo3d.net\/index.php?rest_route=\/wp\/v2\/pages\/301"}],"wp:attachment":[{"href":"http:\/\/www.archeo3d.net\/index.php?rest_route=%2Fwp%2Fv2%2Fmedia&parent=820"}],"curies":[{"name":"wp","href":"https:\/\/api.w.org\/{rel}","templated":true}]}}