{"id":1023,"date":"2016-01-05T16:01:52","date_gmt":"2016-01-05T15:01:52","guid":{"rendered":"http:\/\/pimpaud.free.fr\/wordpress\/?page_id=1023"},"modified":"2019-06-22T14:55:49","modified_gmt":"2019-06-22T13:55:49","slug":"nimes-antique","status":"publish","type":"page","link":"https:\/\/www.archeo3d.net\/?page_id=1023","title":{"rendered":"N\u00eemes antique"},"content":{"rendered":"<p>Mod\u00e9lisation des monuments romains de N\u00eemes, dans le cadre de la sc\u00e9nographie du Mus\u00e9e de la Romanit\u00e9 de N\u00eemes<\/p>\n<p>&nbsp;<br \/>\n<ul class=\"child-pages\"><li class=\"page_item page-item-1028\"><a href=\"https:\/\/www.archeo3d.net\/?page_id=1028\">Th\u00e9\u00e2tre<\/a><\/li>\n<li class=\"page_item page-item-1030\"><a href=\"https:\/\/www.archeo3d.net\/?page_id=1030\">Tour Magne<\/a><\/li>\n<\/ul>\n","protected":false},"excerpt":{"rendered":"<p class=\"excerpt\">Mod\u00e9lisation des monuments romains de N\u00eemes, dans le cadre de la sc\u00e9nographie du Mus\u00e9e de la Romanit\u00e9 de N\u00eemes &nbsp; <a href=\"https:\/\/www.archeo3d.net\/?page_id=1023\">Read more &rarr;<\/a><\/p>\n","protected":false},"author":1,"featured_media":0,"parent":386,"menu_order":0,"comment_status":"closed","ping_status":"closed","template":"","meta":{"spay_email":""},"jetpack_sharing_enabled":true,"jetpack_shortlink":"https:\/\/wp.me\/P9Yk8b-gv","_links":{"self":[{"href":"https:\/\/www.archeo3d.net\/index.php?rest_route=\/wp\/v2\/pages\/1023"}],"collection":[{"href":"https:\/\/www.archeo3d.net\/index.php?rest_route=\/wp\/v2\/pages"}],"about":[{"href":"https:\/\/www.archeo3d.net\/index.php?rest_route=\/wp\/v2\/types\/page"}],"author":[{"embeddable":true,"href":"https:\/\/www.archeo3d.net\/index.php?rest_route=\/wp\/v2\/users\/1"}],"replies":[{"embeddable":true,"href":"https:\/\/www.archeo3d.net\/index.php?rest_route=%2Fwp%2Fv2%2Fcomments&post=1023"}],"version-history":[{"count":4,"href":"https:\/\/www.archeo3d.net\/index.php?rest_route=\/wp\/v2\/pages\/1023\/revisions"}],"predecessor-version":[{"id":3353,"href":"https:\/\/www.archeo3d.net\/index.php?rest_route=\/wp\/v2\/pages\/1023\/revisions\/3353"}],"up":[{"embeddable":true,"href":"https:\/\/www.archeo3d.net\/index.php?rest_route=\/wp\/v2\/pages\/386"}],"wp:attachment":[{"href":"https:\/\/www.archeo3d.net\/index.php?rest_route=%2Fwp%2Fv2%2Fmedia&parent=1023"}],"curies":[{"name":"wp","href":"https:\/\/api.w.org\/{rel}","templated":true}]}}