{"id":1028,"date":"2016-01-05T16:07:36","date_gmt":"2016-01-05T15:07:36","guid":{"rendered":"http:\/\/pimpaud.free.fr\/wordpress\/?page_id=1028"},"modified":"2019-03-14T18:11:32","modified_gmt":"2019-03-14T17:11:32","slug":"theatre","status":"publish","type":"page","link":"https:\/\/www.archeo3d.net\/?page_id=1028","title":{"rendered":"Th\u00e9\u00e2tre"},"content":{"rendered":"<p>Il reste tr\u00e8s peu de vestiges du th\u00e9\u00e2tre, dont les restes furent aper\u00e7us \u00e0 plusieurs reprises et parfois identifi\u00e9s comme \u00e9tant ceux d&rsquo;un baptist\u00e8re ou d&rsquo;une piscine. Malgr\u00e9 les maigres t\u00e9moignages et les quelques documents rassembl\u00e9s ci-dessous, une observation rapide de la topographie invite \u00e0 restituer un monument d&rsquo;une emprise relativement importante, sans qu&rsquo;il ne soit possible de pr\u00e9ciser si le programme architectural a \u00e9t\u00e9 effectivement men\u00e9 \u00e0 son terme, ou si les parties \u00ab\u00a0en dur\u00a0\u00bb retrouv\u00e9es \u00e9taient compl\u00e9t\u00e9es par un dispositif amovible ou en mat\u00e9riau p\u00e9rissable.<\/p>\n<h2>Les sources<\/h2>\n<h3>Textes<\/h3>\n<p><strong>Pelet (A.)<\/strong>, <em>Description des monuments grecs et romains ex\u00e9cut\u00e9s en li\u00e8ge \u00e0 l&rsquo;\u00e9chelle d&rsquo;un centim\u00e8tre par m\u00e8tre<\/em>, N\u00eemes, 1876, p.327-328 :<\/p>\n<blockquote><p>\u00ab\u00a0Taill\u00e9 dans le rocher qui formait \u00e0 l&rsquo;est l&rsquo;enceinte des thermes romains, expos\u00e9 \u00e0 toute l&rsquo;ardeur de notre soleil couchant, on a d\u00e9couvert un \u00e9difice de forme semi-circulaire s\u2019\u00e9levant en <em>theatridium<\/em> jusqu&rsquo;<strong>\u00e0 la hauteur de cinq m\u00e8tres du sol antique<\/strong> : les gradins exhum\u00e9s sont, jusqu&rsquo;\u00e0 pr\u00e9sent, au nombre de <strong>neuf<\/strong> et l&rsquo;on juge, par la disposition du rocher qu&rsquo;il ne devait y en avoir gu\u00e8re plus : les trois premiers et le mur d&rsquo;enceinte int\u00e9rieur existent seuls en grande partie ; on compte les six autres par le rocher taill\u00e9 en gradins qui servaient d&rsquo;appui \u00e0 ceux qu&rsquo;on a enlev\u00e9s. La <strong>hauteur<\/strong> des gradins qui restent est de<strong> 34 centim\u00e8tres<\/strong>, et comme chacun d&rsquo;eux devait servir, en m\u00eame temps, de si\u00e8ge et de marchepied, ils avaient tous une <strong>largeur<\/strong> \u00e9gale de <strong>74 centim\u00e8tres<\/strong>. Toutefois, le gradin le plus bas, au-dessous duquel personne ne devait d&rsquo;asseoir, n&rsquo;avait pour marchepied qu&rsquo;un espace de <strong>25 centim\u00e8tres<\/strong> qui formait le dessus du mur de l&rsquo;enceinte int\u00e9rieure, dont la hauteur est de <strong>65 centim\u00e8tre<\/strong> et la courbe de <strong>12 m\u00e8tres de rayon<\/strong>.\u00a0\u00bb<\/p>\n[&#8230;]\n<p>\u00ab\u00a0Selon toute apparence, ce <em>theatridium<\/em> \u00e9tait, comme les th\u00e9\u00e2tres, divis\u00e9 en <em>cunei<\/em> ; on en distingue quatre indiqu\u00e9s par <strong>cinq petits escaliers<\/strong>, <em>itenerae<\/em> (sic), trac\u00e9s dans la direction des rayons, et form\u00e9s par le gradin lui-m\u00eame, taill\u00e9 en deux marches sur sa hauteur, cette disposition avait pour but de faciliter la circulation sur les gradins. On voit encore un de ces <em>itenerae<\/em> sur les trois derniers; il a <strong>90 centim\u00e8tres de largeur<\/strong> ; on reconna\u00eet aussi celui qui \u00e9tait \u00e9tabli sur l&rsquo;angle nord de l&rsquo;h\u00e9micycle par une entaille de la m\u00eame largeur, creus\u00e9e sur le marchepied du premier gradin, \u00e0 une profonfeur de cinq centim\u00e8tres.\u00a0\u00bb<\/p><\/blockquote>\n<h3>Plans<\/h3>\n<p><strong>\u00a0<\/strong><\/p>\n<p><img data-attachment-id=\"1042\" data-permalink=\"https:\/\/www.archeo3d.net\/?attachment_id=1042\" data-orig-file=\"https:\/\/www.archeo3d.net\/wp-content\/uploads\/1863_Pelet_pl05_detail_theatre.png\" data-orig-size=\"1000,523\" data-comments-opened=\"0\" data-image-meta=\"{&quot;aperture&quot;:&quot;0&quot;,&quot;credit&quot;:&quot;&quot;,&quot;camera&quot;:&quot;&quot;,&quot;caption&quot;:&quot;&quot;,&quot;created_timestamp&quot;:&quot;0&quot;,&quot;copyright&quot;:&quot;&quot;,&quot;focal_length&quot;:&quot;0&quot;,&quot;iso&quot;:&quot;0&quot;,&quot;shutter_speed&quot;:&quot;0&quot;,&quot;title&quot;:&quot;&quot;}\" data-image-title=\"1863_Pelet_pl05_detail_theatre\" data-image-description=\"\" data-medium-file=\"https:\/\/www.archeo3d.net\/wp-content\/uploads\/1863_Pelet_pl05_detail_theatre-300x156.png\" data-large-file=\"https:\/\/www.archeo3d.net\/wp-content\/uploads\/1863_Pelet_pl05_detail_theatre.png\" loading=\"lazy\" class=\"size-full wp-image-1042\" src=\"http:\/\/pimpaud.free.fr\/wordpress\/wp-content\/uploads\/1863_Pelet_pl05_detail_theatre.png\" alt=\"Th\u00e9\u00e2tre de N\u00eemes. Planche V, d\u00e9tail\" width=\"1000\" height=\"523\" srcset=\"https:\/\/www.archeo3d.net\/wp-content\/uploads\/1863_Pelet_pl05_detail_theatre.png 1000w, https:\/\/www.archeo3d.net\/wp-content\/uploads\/1863_Pelet_pl05_detail_theatre-300x156.png 300w\" sizes=\"(max-width: 1000px) 100vw, 1000px\" \/><\/p>\n<p><strong>Pelet (A.)<\/strong>, <em>Essai sur les anciens thermes de Nemausus, et les monuments qui s&rsquo;y rattachent<\/em>, N\u00eemes, 1863, planche V, n\u00b032 \u00ab\u00a0Piscine d\u00e9couverte en 1854 o\u00f9 aboutissait probablement l&rsquo;Aqueduc d&rsquo;Uz\u00e8s\u00a0\u00bb (d\u00e9tail).<\/p>\n<p>&nbsp;<\/p>\n<p><img data-attachment-id=\"1045\" data-permalink=\"https:\/\/www.archeo3d.net\/?attachment_id=1045\" data-orig-file=\"https:\/\/www.archeo3d.net\/wp-content\/uploads\/1937_Naumann_pl02_detail_theatre.png\" data-orig-size=\"1000,523\" data-comments-opened=\"0\" data-image-meta=\"{&quot;aperture&quot;:&quot;0&quot;,&quot;credit&quot;:&quot;&quot;,&quot;camera&quot;:&quot;&quot;,&quot;caption&quot;:&quot;&quot;,&quot;created_timestamp&quot;:&quot;0&quot;,&quot;copyright&quot;:&quot;&quot;,&quot;focal_length&quot;:&quot;0&quot;,&quot;iso&quot;:&quot;0&quot;,&quot;shutter_speed&quot;:&quot;0&quot;,&quot;title&quot;:&quot;&quot;}\" data-image-title=\"1937_Naumann_pl02_detail_theatre\" data-image-description=\"\" data-medium-file=\"https:\/\/www.archeo3d.net\/wp-content\/uploads\/1937_Naumann_pl02_detail_theatre-300x156.png\" data-large-file=\"https:\/\/www.archeo3d.net\/wp-content\/uploads\/1937_Naumann_pl02_detail_theatre.png\" loading=\"lazy\" class=\"size-full wp-image-1045\" src=\"http:\/\/pimpaud.free.fr\/wordpress\/wp-content\/uploads\/1937_Naumann_pl02_detail_theatre.png\" alt=\"Naumann 1937, planche II, d\u00e9tail\" width=\"1000\" height=\"523\" srcset=\"https:\/\/www.archeo3d.net\/wp-content\/uploads\/1937_Naumann_pl02_detail_theatre.png 1000w, https:\/\/www.archeo3d.net\/wp-content\/uploads\/1937_Naumann_pl02_detail_theatre-300x156.png 300w\" sizes=\"(max-width: 1000px) 100vw, 1000px\" \/><\/p>\n<p><strong>Naumann (R.)<\/strong>, <em>Der Quellbezirk von N\u00eemes<\/em>, <em>Denkm\u00e4ler antiker Architektur<\/em>, 4, Berlin et Leipzig, 1937, planche II (d\u00e9tail).<\/p>\n<h3>Maquette<\/h3>\n<p><iframe src=\"https:\/\/sketchfab.com\/models\/fac74dbe0ffb4eef825227daf559edfe\/embed\" width=\"1200\" height=\"700\" frameborder=\"0\" allowfullscreen=\"allowfullscreen\"><\/iframe><\/p>\n<p>Maquette en li\u00e8ge du th\u00e9\u00e2tre d&rsquo;A. Pelet conserv\u00e9e au Mus\u00e9e de N\u00eemes. Num\u00e9risation A.-B. Pimpaud<\/p>\n<p>&nbsp;<\/p>\n<h3>Mod\u00e8le topographique<\/h3>\n<p>Dans le cadre de cette mission de restitution de monuments, le service cartographique de N\u00eemes M\u00e9tropoles a mis \u00e0 ma disposition quelques donn\u00e9es topographiques me permettant de produire un mod\u00e8le num\u00e9rique de terrain des environs du sanctuaire de la Fontaine.<\/p>\n<p>&nbsp;<\/p>\n<h3>Proposition de restitution<\/h3>\n<p>&nbsp;<\/p>\n<p>&nbsp;<\/p>\n<p>&nbsp;<\/p>\n","protected":false},"excerpt":{"rendered":"<p class=\"excerpt\">Il reste tr\u00e8s peu de vestiges du th\u00e9\u00e2tre, dont les restes furent aper\u00e7us \u00e0 plusieurs reprises et parfois identifi\u00e9s comme \u00e9tant ceux d&rsquo;un baptist\u00e8re ou d&rsquo;une piscine. Malgr\u00e9 les maigres t\u00e9moignages et les quelques documents rassembl\u00e9s ci-dessous, une observation rapide de la topographie invite \u00e0 restituer un monument d&rsquo;une emprise relativement importante, sans qu&rsquo;il ne soit possible de pr\u00e9ciser si&hellip; <a href=\"https:\/\/www.archeo3d.net\/?page_id=1028\">Read more &rarr;<\/a><\/p>\n","protected":false},"author":1,"featured_media":0,"parent":1023,"menu_order":0,"comment_status":"closed","ping_status":"closed","template":"page-templates\/page_ss.php","meta":{"spay_email":""},"jetpack_sharing_enabled":true,"jetpack_shortlink":"https:\/\/wp.me\/P9Yk8b-gA","_links":{"self":[{"href":"https:\/\/www.archeo3d.net\/index.php?rest_route=\/wp\/v2\/pages\/1028"}],"collection":[{"href":"https:\/\/www.archeo3d.net\/index.php?rest_route=\/wp\/v2\/pages"}],"about":[{"href":"https:\/\/www.archeo3d.net\/index.php?rest_route=\/wp\/v2\/types\/page"}],"author":[{"embeddable":true,"href":"https:\/\/www.archeo3d.net\/index.php?rest_route=\/wp\/v2\/users\/1"}],"replies":[{"embeddable":true,"href":"https:\/\/www.archeo3d.net\/index.php?rest_route=%2Fwp%2Fv2%2Fcomments&post=1028"}],"version-history":[{"count":32,"href":"https:\/\/www.archeo3d.net\/index.php?rest_route=\/wp\/v2\/pages\/1028\/revisions"}],"predecessor-version":[{"id":4644,"href":"https:\/\/www.archeo3d.net\/index.php?rest_route=\/wp\/v2\/pages\/1028\/revisions\/4644"}],"up":[{"embeddable":true,"href":"https:\/\/www.archeo3d.net\/index.php?rest_route=\/wp\/v2\/pages\/1023"}],"wp:attachment":[{"href":"https:\/\/www.archeo3d.net\/index.php?rest_route=%2Fwp%2Fv2%2Fmedia&parent=1028"}],"curies":[{"name":"wp","href":"https:\/\/api.w.org\/{rel}","templated":true}]}}