{"id":1598,"date":"2018-03-26T10:26:39","date_gmt":"2018-03-26T09:26:39","guid":{"rendered":"http:\/\/pimpaud.free.fr\/wordpress\/?page_id=1598"},"modified":"2019-03-14T18:12:36","modified_gmt":"2019-03-14T17:12:36","slug":"modele-3d-de-la-montagne-thebaine","status":"publish","type":"page","link":"https:\/\/www.archeo3d.net\/?page_id=1598","title":{"rendered":"Mod\u00e8le 3D de la montagne th\u00e9baine"},"content":{"rendered":"<p>Travail en cours dans le cadre de l&rsquo;atlas arch\u00e9ologique de Th\u00e8bes-Ouest : r\u00e9alisation d&rsquo;un mod\u00e8le 3D de la montagne th\u00e9baine:<\/p>\n<h3>Mod\u00e8le Num\u00e9rique de Terrain obtenu par la st\u00e9r\u00e9orestitution d&rsquo;images satellites<\/h3>\n<p><iframe src=\"https:\/\/sketchfab.com\/models\/3b212692221f4e1aa894cb47be5102b7\/embed\" width=\"1200\" height=\"600\" frameborder=\"0\" allowfullscreen=\"allowfullscreen\"><\/iframe><\/p>\n<p>Digital Elevation Model of the Theban Mountain<\/p>\n<h3>Extrait du mod\u00e8le 3D obtenu par photogramm\u00e9trie num\u00e9rique terrestre<\/h3>\n<p><iframe src=\"https:\/\/sketchfab.com\/models\/434cd0dc5b644cfaa5d2e99765bfe27c\/embed\" width=\"1200\" height=\"600\" frameborder=\"0\" allowfullscreen=\"allowfullscreen\"><\/iframe><\/p>\n<p>3D textured model of the Valley of the Queens, derived from digital photogrammetry<\/p>\n","protected":false},"excerpt":{"rendered":"<p class=\"excerpt\">Travail en cours dans le cadre de l&rsquo;atlas arch\u00e9ologique de Th\u00e8bes-Ouest : r\u00e9alisation d&rsquo;un mod\u00e8le 3D de la montagne th\u00e9baine: Mod\u00e8le Num\u00e9rique de Terrain obtenu par la st\u00e9r\u00e9orestitution d&rsquo;images satellites Digital Elevation Model of the Theban Mountain Extrait du mod\u00e8le 3D obtenu par photogramm\u00e9trie num\u00e9rique terrestre 3D textured model of the Valley of the Queens, derived from digital photogrammetry <a href=\"https:\/\/www.archeo3d.net\/?page_id=1598\">Read more &rarr;<\/a><\/p>\n","protected":false},"author":1,"featured_media":0,"parent":310,"menu_order":0,"comment_status":"closed","ping_status":"closed","template":"page-templates\/page_ss.php","meta":{"spay_email":""},"jetpack_sharing_enabled":true,"jetpack_shortlink":"https:\/\/wp.me\/P9Yk8b-pM","_links":{"self":[{"href":"https:\/\/www.archeo3d.net\/index.php?rest_route=\/wp\/v2\/pages\/1598"}],"collection":[{"href":"https:\/\/www.archeo3d.net\/index.php?rest_route=\/wp\/v2\/pages"}],"about":[{"href":"https:\/\/www.archeo3d.net\/index.php?rest_route=\/wp\/v2\/types\/page"}],"author":[{"embeddable":true,"href":"https:\/\/www.archeo3d.net\/index.php?rest_route=\/wp\/v2\/users\/1"}],"replies":[{"embeddable":true,"href":"https:\/\/www.archeo3d.net\/index.php?rest_route=%2Fwp%2Fv2%2Fcomments&post=1598"}],"version-history":[{"count":8,"href":"https:\/\/www.archeo3d.net\/index.php?rest_route=\/wp\/v2\/pages\/1598\/revisions"}],"predecessor-version":[{"id":1606,"href":"https:\/\/www.archeo3d.net\/index.php?rest_route=\/wp\/v2\/pages\/1598\/revisions\/1606"}],"up":[{"embeddable":true,"href":"https:\/\/www.archeo3d.net\/index.php?rest_route=\/wp\/v2\/pages\/310"}],"wp:attachment":[{"href":"https:\/\/www.archeo3d.net\/index.php?rest_route=%2Fwp%2Fv2%2Fmedia&parent=1598"}],"curies":[{"name":"wp","href":"https:\/\/api.w.org\/{rel}","templated":true}]}}