{"id":2,"date":"2007-08-08T02:38:26","date_gmt":"2007-08-08T00:38:26","guid":{"rendered":""},"modified":"2017-01-04T02:48:03","modified_gmt":"2017-01-04T01:48:03","slug":"about","status":"publish","type":"page","link":"https:\/\/www.archeo3d.net\/?page_id=2","title":{"rendered":"\u00c0 propos"},"content":{"rendered":"<p>Arch\u00e9o 3D est un site web pr\u00e9sentant les travaux d&rsquo;<strong>Alban-Brice Pimpaud<\/strong>, infographiste  sp\u00e9cialis\u00e9 dans la r\u00e9alisation d&rsquo;images de synth\u00e8se pour la<strong> visualisation architecturale <\/strong>et la<strong> restitution arch\u00e9ologique<\/strong>.<\/p>\n<p>Sur ce site, vous trouverez un blog intitul\u00e9 \u00ab\u00a0<strong>Weblog<\/strong>\u00ab\u00a0, o\u00f9 vous pourrez suivre l&rsquo;actualit\u00e9 des derni\u00e8res r\u00e9alisations class\u00e9es selon diff\u00e9rentes cat\u00e9gories. Vous pourrez \u00e9galement  acc\u00e9der au <strong>portfolio<\/strong> en ligne en naviguant dans les rubriques pr\u00e9sent\u00e9es \u00e0 droite de cette page, dans le cadre correspondant.<\/p>\n<p>Pour toute remarque ou observation concernant ce site, merci de nous contacter via la page \u00ab\u00a0<strong><a href=\"http:\/\/albanbrice.pimpaud.free.fr\/wordpress\/?page_id=71\" title=\"Liens\">contact<\/a><\/strong>\u00ab\u00a0.<\/p>\n<p>Nous vous souhaitons une bonne visite.<\/p>\n","protected":false},"excerpt":{"rendered":"<p class=\"excerpt\">Arch\u00e9o 3D est un site web pr\u00e9sentant les travaux d&rsquo;Alban-Brice Pimpaud, infographiste sp\u00e9cialis\u00e9 dans la r\u00e9alisation d&rsquo;images de synth\u00e8se pour la visualisation architecturale et la restitution arch\u00e9ologique. Sur ce site, vous trouverez un blog intitul\u00e9 \u00ab\u00a0Weblog\u00ab\u00a0, o\u00f9 vous pourrez suivre l&rsquo;actualit\u00e9 des derni\u00e8res r\u00e9alisations class\u00e9es selon diff\u00e9rentes cat\u00e9gories. Vous pourrez \u00e9galement acc\u00e9der au portfolio en ligne en naviguant dans les&hellip; <a href=\"https:\/\/www.archeo3d.net\/?page_id=2\">Read more &rarr;<\/a><\/p>\n","protected":false},"author":1,"featured_media":0,"parent":0,"menu_order":2,"comment_status":"closed","ping_status":"closed","template":"","meta":{"spay_email":""},"jetpack_sharing_enabled":true,"jetpack_shortlink":"https:\/\/wp.me\/P9Yk8b-2","_links":{"self":[{"href":"https:\/\/www.archeo3d.net\/index.php?rest_route=\/wp\/v2\/pages\/2"}],"collection":[{"href":"https:\/\/www.archeo3d.net\/index.php?rest_route=\/wp\/v2\/pages"}],"about":[{"href":"https:\/\/www.archeo3d.net\/index.php?rest_route=\/wp\/v2\/types\/page"}],"author":[{"embeddable":true,"href":"https:\/\/www.archeo3d.net\/index.php?rest_route=\/wp\/v2\/users\/1"}],"replies":[{"embeddable":true,"href":"https:\/\/www.archeo3d.net\/index.php?rest_route=%2Fwp%2Fv2%2Fcomments&post=2"}],"version-history":[{"count":1,"href":"https:\/\/www.archeo3d.net\/index.php?rest_route=\/wp\/v2\/pages\/2\/revisions"}],"predecessor-version":[{"id":1188,"href":"https:\/\/www.archeo3d.net\/index.php?rest_route=\/wp\/v2\/pages\/2\/revisions\/1188"}],"wp:attachment":[{"href":"https:\/\/www.archeo3d.net\/index.php?rest_route=%2Fwp%2Fv2%2Fmedia&parent=2"}],"curies":[{"name":"wp","href":"https:\/\/api.w.org\/{rel}","templated":true}]}}