{"id":380,"date":"2014-06-03T14:00:57","date_gmt":"2014-06-03T13:00:57","guid":{"rendered":"http:\/\/pimpaud.free.fr\/wordpress\/?page_id=380"},"modified":"2014-06-03T14:08:37","modified_gmt":"2014-06-03T13:08:37","slug":"modelisations-3d-des-installations-balneaires-de-bouto","status":"publish","type":"page","link":"https:\/\/www.archeo3d.net\/?page_id=380","title":{"rendered":"Mod\u00e9lisations 3D des installations baln\u00e9aires de Bouto"},"content":{"rendered":"<p>Exploitation des donn\u00e9es 3D acquises lors des fouilles de la Mission arch\u00e9ologique fran\u00e7aise de Bouto (G. Lecuyot et B. Redon)<\/p>\n","protected":false},"excerpt":{"rendered":"<p class=\"excerpt\">Exploitation des donn\u00e9es 3D acquises lors des fouilles de la Mission arch\u00e9ologique fran\u00e7aise de Bouto (G. Lecuyot et B. Redon) <a href=\"https:\/\/www.archeo3d.net\/?page_id=380\">Read more &rarr;<\/a><\/p>\n","protected":false},"author":1,"featured_media":0,"parent":386,"menu_order":0,"comment_status":"closed","ping_status":"closed","template":"","meta":{"spay_email":""},"jetpack_sharing_enabled":true,"jetpack_shortlink":"https:\/\/wp.me\/P9Yk8b-68","_links":{"self":[{"href":"https:\/\/www.archeo3d.net\/index.php?rest_route=\/wp\/v2\/pages\/380"}],"collection":[{"href":"https:\/\/www.archeo3d.net\/index.php?rest_route=\/wp\/v2\/pages"}],"about":[{"href":"https:\/\/www.archeo3d.net\/index.php?rest_route=\/wp\/v2\/types\/page"}],"author":[{"embeddable":true,"href":"https:\/\/www.archeo3d.net\/index.php?rest_route=\/wp\/v2\/users\/1"}],"replies":[{"embeddable":true,"href":"https:\/\/www.archeo3d.net\/index.php?rest_route=%2Fwp%2Fv2%2Fcomments&post=380"}],"version-history":[{"count":2,"href":"https:\/\/www.archeo3d.net\/index.php?rest_route=\/wp\/v2\/pages\/380\/revisions"}],"predecessor-version":[{"id":382,"href":"https:\/\/www.archeo3d.net\/index.php?rest_route=\/wp\/v2\/pages\/380\/revisions\/382"}],"up":[{"embeddable":true,"href":"https:\/\/www.archeo3d.net\/index.php?rest_route=\/wp\/v2\/pages\/386"}],"wp:attachment":[{"href":"https:\/\/www.archeo3d.net\/index.php?rest_route=%2Fwp%2Fv2%2Fmedia&parent=380"}],"curies":[{"name":"wp","href":"https:\/\/api.w.org\/{rel}","templated":true}]}}