{"id":62,"date":"2007-08-09T01:37:40","date_gmt":"2007-08-08T23:37:40","guid":{"rendered":"http:\/\/albanbrice.pimpaud.free.fr\/wordpress\/?page_id=62"},"modified":"2020-05-19T23:11:38","modified_gmt":"2020-05-19T22:11:38","slug":"cv-pimpaud","status":"publish","type":"page","link":"https:\/\/www.archeo3d.net\/?page_id=62","title":{"rendered":"Curriculum Vitae"},"content":{"rendered":"<h3>Exp\u00e9rience professionnelle : Cartographie arch\u00e9ologique<\/h3>\n<blockquote>\n<ul>\n<li>2008-2013:<\/li>\n<\/ul>\n<p>Expert Technique International du Minist\u00e8re des Affaires \u00c9trang\u00e8res et Europ\u00e9ennes affect\u00e9 au Conseil Supr\u00eame des Antiquit\u00e9s \u00c9gyptienne pour \u00e9laborer la carte arch\u00e9ologique de Th\u00e8bes-Ouest (Louqsor, \u00c9gypte).<\/p><\/blockquote>\n<h3>Exp\u00e9rience professionnelle : Infographie 3D \/ 2D freelance<\/h3>\n<blockquote>\n<ul>\n<li>2004-2008 et \u00e0 nouveau depuis 2013 :<\/li>\n<\/ul>\n<p>Exercice lib\u00e9ral en tant qu\u2019infographiste 3D \/ 2D sp\u00e9cialis\u00e9 dans le patrimoine, l&rsquo;architecture et la cartographie :<\/p>\n<ul>\n<li>Presse : Science &amp; Vie, les Cahiers de Science &amp; Vie, Beaux-Arts Magazine,<br \/>\nHistoire antique\u2026<\/li>\n<li>Edition : Editions du Patrimoine (\u00ab Guide arch\u00e9ologique de la France \u00bb),<br \/>\nActes-Sud et Arist\u00e9as (\u00ab Les Grands T\u00e9moins de l\u2019architecture \u00bb)<\/li>\n<li>Production audiovisuelle : Culturespace &amp; AmaK (H\u00e9ros de N\u00eemes), Des Racines et des Ailes (Lut\u00e8ce)<\/li>\n<li>Multim\u00e9dia : Minist\u00e8re de la culture et de la communication<\/li>\n<li>Agence d&rsquo;architecte: Architectonia, Amotek.<\/li>\n<li>Exposition : Paris Mus\u00e9es (\u00ab\u00a0Les grands monuments de Lut\u00e8ce\u00a0\u00bb)<\/li>\n<\/ul>\n<\/blockquote>\n<h3>Exp\u00e9rience professionnelle : design multim\u00e9dia<\/h3>\n<blockquote>\n<ul>\n<li>2001-2004<\/li>\n<\/ul>\n<p>Employeur: <strong>Minist\u00e8re de la culture et de la communication<\/strong><br \/>\nMission: Conception et coordination de la r\u00e9alisation de publications \u00e9lectroniques dans la collection \u00ab\u00a0<a title=\"Les Grands sites arch\u00e9ologiques\" href=\"http:\/\/www.culture.gouv.fr\/culture\/arcnat\/fr\/\">Grands sites arch\u00e9ologiques<\/a>\u00ab\u00a0:<\/p>\n<ul>\n<li><a title=\"Chasseur de la Pr\u00e9histoire\" href=\"http:\/\/www.tautavel.culture.gouv.fr\/\">Chasseur de la Pr\u00e9histoire &#8211; l&rsquo;Homme de Tautavel il y a 450 000<\/a>, sous la direction scientifique de Henry de Lumley, professeur au Mus\u00e9um National d&rsquo;Histoire Naturelle.<\/li>\n<li><a title=\"Paris, ville antique\" href=\"http:\/\/www.paris.culture.fr\/\">Paris, ville antique<\/a>, sous la direction scientifique de Didier Busson, Philippe Marquis et Sylvie Robin, arch\u00e9ologues et conservateurs au D\u00e9partement d&rsquo;Histoire de l&rsquo;Architecture et d&rsquo;Arch\u00e9ologie de la Ville de Paris.<\/li>\n<li><a title=\"Les Hommes des Lacs\" href=\"http:\/\/www.chalain.culture.gouv.fr\/\">Les Hommes des Lacs &#8211; Vivre \u00e0 Chalain et \u00e0 Clairvaux il y a 5000 ans<\/a>, sous la direction de Pierre et Anne-Marie P\u00e9trequin, directeurs de recherche au CNRS.<\/li>\n<\/ul>\n<\/blockquote>\n<h3>Formation : Arch\u00e9ologie &amp; multim\u00e9dia<\/h3>\n<blockquote>\n<ul>\n<li>2001: <strong>DESS Hyperm\u00e9dia et \u00e9dition \u00e9lectronique<\/strong>, Universit\u00e9 Paris 8 &#8211; Saint-Denis<\/li>\n<li>2000: <strong>DEA Histoire de l&rsquo;art et arch\u00e9ologie<\/strong>, Universit\u00e9 Paris X &#8211; Nanterre<\/li>\n<li>1999: <strong>Ma\u00eetrise Histoire de l&rsquo;art et arch\u00e9ologie<\/strong>, Universit\u00e9 Paris X &#8211; Nanterre.<\/li>\n<\/ul>\n<\/blockquote>\n<h3>Comp\u00e9tences<\/h3>\n<blockquote>\n<ul>\n<li><strong>G\u00e9n\u00e9rales <\/strong>: Sens du travail en \u00e9quipe. Esprit d\u2019initiative et autonomie. Qualit\u00e9s r\u00e9dactionnelles et \u00e9ditoriales, connaissance du milieu culturel et scientifique. Aptitude \u00e0 la direction artistique, graphisme 2D, 3D, cartographie, design sonore, photographie interactive<br \/>\nVR et vid\u00e9o.<\/li>\n<li><strong>Linguistiques<\/strong> : anglais<\/li>\n<li><strong>Informatiques<\/strong> : Ma\u00eetrise des logiciels ArcGIS, QGIS, Photoshop, Illustrator, 3DS Max, AutoCad, InDesign, Premiere, After Effects, Word, Excel, Powerpoint, etc.<\/li>\n<\/ul>\n<\/blockquote>\n","protected":false},"excerpt":{"rendered":"<p class=\"excerpt\">Exp\u00e9rience professionnelle : Cartographie arch\u00e9ologique 2008-2013: Expert Technique International du Minist\u00e8re des Affaires \u00c9trang\u00e8res et Europ\u00e9ennes affect\u00e9 au Conseil Supr\u00eame des Antiquit\u00e9s \u00c9gyptienne pour \u00e9laborer la carte arch\u00e9ologique de Th\u00e8bes-Ouest (Louqsor, \u00c9gypte). Exp\u00e9rience professionnelle : Infographie 3D \/ 2D freelance 2004-2008 et \u00e0 nouveau depuis 2013 : Exercice lib\u00e9ral en tant qu\u2019infographiste 3D \/ 2D sp\u00e9cialis\u00e9 dans le patrimoine, l&rsquo;architecture&hellip; <a href=\"https:\/\/www.archeo3d.net\/?page_id=62\">Read more &rarr;<\/a><\/p>\n","protected":false},"author":1,"featured_media":0,"parent":2,"menu_order":0,"comment_status":"closed","ping_status":"closed","template":"","meta":{"spay_email":""},"jetpack_sharing_enabled":true,"jetpack_shortlink":"https:\/\/wp.me\/P9Yk8b-10","_links":{"self":[{"href":"https:\/\/www.archeo3d.net\/index.php?rest_route=\/wp\/v2\/pages\/62"}],"collection":[{"href":"https:\/\/www.archeo3d.net\/index.php?rest_route=\/wp\/v2\/pages"}],"about":[{"href":"https:\/\/www.archeo3d.net\/index.php?rest_route=\/wp\/v2\/types\/page"}],"author":[{"embeddable":true,"href":"https:\/\/www.archeo3d.net\/index.php?rest_route=\/wp\/v2\/users\/1"}],"replies":[{"embeddable":true,"href":"https:\/\/www.archeo3d.net\/index.php?rest_route=%2Fwp%2Fv2%2Fcomments&post=62"}],"version-history":[{"count":11,"href":"https:\/\/www.archeo3d.net\/index.php?rest_route=\/wp\/v2\/pages\/62\/revisions"}],"predecessor-version":[{"id":3548,"href":"https:\/\/www.archeo3d.net\/index.php?rest_route=\/wp\/v2\/pages\/62\/revisions\/3548"}],"up":[{"embeddable":true,"href":"https:\/\/www.archeo3d.net\/index.php?rest_route=\/wp\/v2\/pages\/2"}],"wp:attachment":[{"href":"https:\/\/www.archeo3d.net\/index.php?rest_route=%2Fwp%2Fv2%2Fmedia&parent=62"}],"curies":[{"name":"wp","href":"https:\/\/api.w.org\/{rel}","templated":true}]}}