{"id":72,"date":"2007-08-10T17:54:31","date_gmt":"2007-08-10T16:54:31","guid":{"rendered":"http:\/\/albanbrice.pimpaud.free.fr\/wordpress\/?page_id=72"},"modified":"2019-04-17T12:10:55","modified_gmt":"2019-04-17T11:10:55","slug":"architecture-et-urbanisme","status":"publish","type":"page","link":"https:\/\/www.archeo3d.net\/?page_id=72","title":{"rendered":"Reconstitutions 3D"},"content":{"rendered":"\n<p>Arch\u00e9ologue de formation, je me suis sp\u00e9cialis\u00e9 depuis une vingtaine d&rsquo;ann\u00e9es dans l&rsquo;application des images de synth\u00e8se \u00e0 cette discipline. Ayant l&rsquo;habitude d&rsquo;\u00e9changer avec les chercheurs, je comprends parfaitement les enjeux, et parfois les difficult\u00e9s, de l&rsquo;utilisation de l&rsquo;infographie 3D pour rendre compte de r\u00e9alit\u00e9s disparues. Afin d&rsquo;assurer un \u00e9quilibre entre la rigueur d&rsquo;un discours scientifique et les besoins de diffusion des connaissances aupr\u00e8s d&rsquo;un public non sp\u00e9cialiste, je mets en \u0153uvre tout mon savoir-faire technique et mes connaissances acad\u00e9miques pour accompagner les institutions et les responsables de sites arch\u00e9ologiques et patrimoniaux dans leurs projets de mise en valeur.<\/p>\n\n\n\n<div class=\"wp-block-nextend-smartslider3\"><\/div>\n\n\n<p>Afin d&rsquo;offrir le meilleur conseil possible, je consacre beaucoup de temps \u00e0 \u00e9tablir et \u00e0 analyser, en collaboration avec les chercheurs, la documentation disponible sur les objets arch\u00e9ologiques qu&rsquo;il m&rsquo;est donn\u00e9 de reconstituer, qu&rsquo;il s&rsquo;agisse de b\u00e2timents, de sites, d&rsquo;environnements, ou plus modestement d&rsquo;objets ou d\u2019\u0153uvres. En fonction du niveau de d\u00e9tail demand\u00e9, les reconstitutions 3D sont r\u00e9alis\u00e9es \u00e0 partir de la documentation graphique pr\u00e9existante (relev\u00e9s, vues en coupe ou en plan), des photographies anciennes, des mod\u00e8les photogramm\u00e9triques r\u00e9alis\u00e9s ad hoc ou des relev\u00e9s lasergramm\u00e9triques disponibles. Les choix de reconstitutions sont discut\u00e9s et \u00e9tablis avec les chercheurs en charge du projet, et sont dans un premier temps transcrits en volume sous la forme de maquette virtuelle filaire ou blanche.<\/p>\n\n\n<h2>Mod\u00e9lisation d&rsquo;apr\u00e8s relev\u00e9s<\/h2>\n\n\n\n<div class=\"wp-block-nextend-smartslider3\"><\/div>\n\n\n\n<p>Ce travail de mod\u00e9lisation peut n\u00e9cessiter de nombreux allers et retours, les choix de reconstitutions se trouvant fr\u00e9quemment confront\u00e9s \u00e0 de nouvelles probl\u00e9matiques lors de la mise en volume d&rsquo;hypoth\u00e8ses qui semblaient fonctionner sur le \u00ab\u00a0papier\u00a0\u00bb. Cette phase est un v\u00e9ritable travail de recherche, qui prend du temps et qui pr\u00e9sente en tant que tel un r\u00e9el int\u00e9r\u00eat. Dans la mesure du possible, il est toujours utile de rendre compte de cette \u00e9tape en donnant \u00e0 comprendre les raisonnements et d\u00e9monstrations qui permettent d&rsquo;aboutir \u00e0 une restitution possible.  <br><\/p>\n\n\n\n<h2>Cr\u00e9ation de textures et de mat\u00e9riaux<\/h2>\n\n\n\n<p>Pour habiller les mod\u00e9lisations et leur donner davantage d&rsquo;attractivit\u00e9 et de sens, tout un ensemble de techniques est mis en oeuvre. Les aspects de surface permettent de rendre compte des mat\u00e9riaux les composant, voire des techniques utilis\u00e9es pour leur mise en forme. Certains mat\u00e9riaux sont reproduits par l&rsquo;\u00e9chantillonnage et l&rsquo;adaptation de photographies en motif r\u00e9plicable \u00e0 volont\u00e9. D&rsquo;autres rev\u00eatements devront pratiquement \u00eatre peints ou redessin\u00e9s sur mesure afin de s&rsquo;adapter \u00e0 la configuration souvent irr\u00e9guli\u00e8re des b\u00e2timents anciens. Enfin, les propri\u00e9t\u00e9s physiques de certaines mati\u00e8res pourront \u00eatre simul\u00e9es.<br><\/p>\n\n\n\n<div class=\"wp-block-nextend-smartslider3\"><\/div>\n\n\n\n<h2>Plusieurs niveaux de rendus<br><\/h2>\n\n\n\n<p>Possibilit\u00e9 de produire des reconstitutions avec des niveaux de finition plus ou moins photor\u00e9alistes : rendus en maquette blanche, en fil-de-fer (<em>wireframe<\/em>), avec un codage couleur, etc. Il est possible d&rsquo;adapter le type de rendu au discours que l&rsquo;on souhaite tenir par rapport \u00e0 la proposition de reconstitution (niveau de certitude).<\/p>\n\n\n\n<p><\/p>\n","protected":false},"excerpt":{"rendered":"<p class=\"excerpt\">Arch\u00e9ologue de formation, je me suis sp\u00e9cialis\u00e9 depuis une vingtaine d&rsquo;ann\u00e9es dans l&rsquo;application des images de synth\u00e8se \u00e0 cette discipline. Ayant l&rsquo;habitude d&rsquo;\u00e9changer avec les chercheurs, je comprends parfaitement les enjeux, et parfois les difficult\u00e9s, de l&rsquo;utilisation de l&rsquo;infographie 3D pour rendre compte de r\u00e9alit\u00e9s disparues. Afin d&rsquo;assurer un \u00e9quilibre entre la rigueur d&rsquo;un discours scientifique et les besoins de&hellip; <a href=\"https:\/\/www.archeo3d.net\/?page_id=72\">Read more &rarr;<\/a><\/p>\n","protected":false},"author":1,"featured_media":0,"parent":61,"menu_order":1,"comment_status":"closed","ping_status":"closed","template":"","meta":{"spay_email":""},"jetpack_sharing_enabled":true,"jetpack_shortlink":"https:\/\/wp.me\/P9Yk8b-1a","_links":{"self":[{"href":"https:\/\/www.archeo3d.net\/index.php?rest_route=\/wp\/v2\/pages\/72"}],"collection":[{"href":"https:\/\/www.archeo3d.net\/index.php?rest_route=\/wp\/v2\/pages"}],"about":[{"href":"https:\/\/www.archeo3d.net\/index.php?rest_route=\/wp\/v2\/types\/page"}],"author":[{"embeddable":true,"href":"https:\/\/www.archeo3d.net\/index.php?rest_route=\/wp\/v2\/users\/1"}],"replies":[{"embeddable":true,"href":"https:\/\/www.archeo3d.net\/index.php?rest_route=%2Fwp%2Fv2%2Fcomments&post=72"}],"version-history":[{"count":34,"href":"https:\/\/www.archeo3d.net\/index.php?rest_route=\/wp\/v2\/pages\/72\/revisions"}],"predecessor-version":[{"id":3259,"href":"https:\/\/www.archeo3d.net\/index.php?rest_route=\/wp\/v2\/pages\/72\/revisions\/3259"}],"up":[{"embeddable":true,"href":"https:\/\/www.archeo3d.net\/index.php?rest_route=\/wp\/v2\/pages\/61"}],"wp:attachment":[{"href":"https:\/\/www.archeo3d.net\/index.php?rest_route=%2Fwp%2Fv2%2Fmedia&parent=72"}],"curies":[{"name":"wp","href":"https:\/\/api.w.org\/{rel}","templated":true}]}}