{"id":74,"date":"2007-08-10T17:56:32","date_gmt":"2007-08-10T16:56:32","guid":{"rendered":"http:\/\/albanbrice.pimpaud.free.fr\/wordpress\/?page_id=74"},"modified":"2019-03-27T12:01:54","modified_gmt":"2019-03-27T11:01:54","slug":"archeologie-et-patrimoine","status":"publish","type":"page","link":"https:\/\/www.archeo3d.net\/?page_id=74","title":{"rendered":"Num\u00e9risation 3D"},"content":{"rendered":"\n<p>Nous proposons une offre compl\u00e8te de num\u00e9risation d&rsquo;environnements, de sites, de monuments ou d&rsquo;objets par photogramm\u00e9trie. Les mod\u00e8les 3D sont \u00e9labor\u00e9s \u00e0 partir de campagnes de prises de vues photographiques men\u00e9es \u00e0 diff\u00e9rentes \u00e9chelles et adapt\u00e9es en fonction du contexte d&rsquo;intervention (configuration, accessibilit\u00e9, dispositions r\u00e9glementaires, etc). <\/p>\n\n\n\n<p>Les clich\u00e9s issus de ces campagnes sont pr\u00e9par\u00e9s puis trait\u00e9s \u00e0 l&rsquo;aide de la solution logicielle la plus pertinente en fonction du projet. Une part importante de notre cha\u00eene de traitement repose sur des solutions <em>open source<\/em> afin de favoriser le portage de l&rsquo;ensemble des d\u00e9livrables sur diff\u00e9rentes plateformes, permettant ainsi d&rsquo;associer les parties prenantes aux diff\u00e9rentes \u00e9tapes de nos projets, en particulier lors des points d&rsquo;\u00e9tapes ou pour la validation des d\u00e9livrables.<br><\/p>\n\n\n\n<h2>Prise de vue terrestre<\/h2>\n\n\n\n<div class=\"wp-block-nextend-smartslider3\"><\/div>\n\n\n\n<p>Les campagnes de prise de vue terrestre sont effectu\u00e9es suivant un protocole et un \u00e9quipement adapt\u00e9s \u00e0 la configuration du site \u00e0 traiter. Les prises de vue r\u00e9alis\u00e9es \u00e0 hauteur humaine sont ainsi compl\u00e9t\u00e9es par des prises de vue d\u00e9port\u00e9es sur perche t\u00e9lescopique (jusqu&rsquo;\u00e0 6m de hauteur) afin de favoriser un meilleur recouvrement vertical.<\/p>\n\n\n\n<p>La mise \u00e0 l&rsquo;\u00e9chelle des mod\u00e8les photogramm\u00e9triques et le g\u00e9or\u00e9f\u00e9rencement sont ensuite assur\u00e9s par le lev\u00e9 des points de contr\u00f4le \u00e0 l&rsquo;aide d&rsquo;un GPS diff\u00e9rentiel ou par l&rsquo;intervention d&rsquo;un g\u00e9om\u00e8tre partenaire. Au besoin, toute information topographique plus ancienne pourra \u00eatre int\u00e9gr\u00e9e et prise en compte pour proc\u00e9der au r\u00e9f\u00e9rencement.<\/p>\n\n\n\n<p><\/p>\n\n\n\n<h2>Prise de vue a\u00e9rienne<\/h2>\n\n\n\n<div class=\"wp-block-nextend-smartslider3\"><\/div>\n\n\n\n<p>Les prises de vue a\u00e9rienne sont r\u00e9alis\u00e9es \u00e0 l&rsquo;aide d&rsquo;a\u00e9ronefs t\u00e9l\u00e9pilot\u00e9s \u00e0 voilure fixe (\u00ab\u00a0aile volante\u00a0\u00bb) ou \u00e0 voilure tournante (\u00ab\u00a0drone multicopt\u00e8re\u00a0\u00bb), dont la mise en \u0153uvre est fonction de l&rsquo;\u00e9tendue de la couverture attendue ou de la complexit\u00e9 du volume \u00e0 num\u00e9riser. Les diff\u00e9rentes altitudes de survol et les modes de pilotage (manuel ou programm\u00e9) peuvent \u00eatre combin\u00e9s pour offrir une num\u00e9risation multiscalaire du site et de son environnement. Au besoin les prises de vue a\u00e9riennes sont compl\u00e9t\u00e9es par des prises de vue au sol. Lorsque que les zones \u00e0 couvrir pr\u00e9sentent des surfaces trop importantes ou difficilement accessibles, des alternatives faisant appel \u00e0 l&rsquo;imagerie satellitaire ou aux campagnes de photographies a\u00e9riennes anciennes peuvent \u00eatre envisag\u00e9es.<\/p>\n\n\n\n<p>Les prestations de prises de vues a\u00e9riennes par drones sont effectu\u00e9es dans le respect de la r\u00e9glementation locale. Sur le territoire fran\u00e7ais, elles sont op\u00e9r\u00e9es dans le cadre d&rsquo;activit\u00e9s particuli\u00e8res d\u00e9clar\u00e9es aupr\u00e8s de la <a rel=\"noreferrer noopener\" aria-label=\"DGAC (opens in a new tab)\" href=\"https:\/\/www.ecologique-solidaire.gouv.fr\/drones-usages-professionnels\" target=\"_blank\">Direction G\u00e9n\u00e9rale de l&rsquo;Aviation Civile (DGAC)<\/a> et sont soumises \u00e0 autorisation d\u00e9livr\u00e9e avec un d\u00e9lai d&rsquo;au moins 5 jours ouvr\u00e9s. Nos drones sont homologu\u00e9s et exploit\u00e9s professionnellement (n\u00b0ED4326).<\/p>\n\n\n\n<h2>Reconstruction des mod\u00e8les<\/h2>\n\n\n\n<div class=\"wp-block-nextend-smartslider3\"><\/div>\n\n\n\n<p>En s&rsquo;appuyant sur une multitude de clich\u00e9s photographiques, la photogramm\u00e9trie permet de retrouver la structure g\u00e9om\u00e9trique d&rsquo;une sc\u00e8ne comprenant non seulement l&rsquo;objet \u00e0 num\u00e9riser, mais \u00e9galement les positions des points de vue. Suivant les algorithmes utilis\u00e9s, il est alors possible d&rsquo;obtenir un nuage de points denses et coloris\u00e9s \u00e0 partir desquels est calcul\u00e9 un mod\u00e8le 3D compos\u00e9 de facettes triangulaires. La projection des photographies sur ce mod\u00e8le permet ensuite de produire une texture documentant les d\u00e9tails de la surface de l&rsquo;objet. Toutes ces \u00e9tapes, plus ou moins automatis\u00e9es suivant les logiciels utilis\u00e9s, permettent de produire une quantit\u00e9 importante de donn\u00e9es que l&rsquo;on pourra ensuite exploiter en fonction des objectifs recherch\u00e9s : affichage de nuages de points ou de maillage, recalage de photographies compl\u00e9mentaires ou anciennes, support pour r\u00e9aliser des mod\u00e9lisations originales.<\/p>\n\n\n\n<h2>\u00c9dition et valorisation des mod\u00e8les<\/h2>\n\n\n\n<div class=\"wp-block-nextend-smartslider3\"><\/div>\n\n\n\n<p>Une fois mises \u00e0 l&rsquo;\u00e9chelle et g\u00e9or\u00e9f\u00e9renc\u00e9es, les mod\u00e9lisations sont nettoy\u00e9es, parfois assembl\u00e9es lorsque plusieurs passes ont \u00e9t\u00e9 n\u00e9cessaires, et optimis\u00e9es en fonction des besoins. Les op\u00e9rations de retopologie permettent d&rsquo;exprimer le volume de l&rsquo;objet suivant un maillage r\u00e9gulier \u00e0 base de polygones quadrangulaires, souhait\u00e9es pour certaines applications en 3D temps r\u00e9el ou bien encore lorsque l&rsquo;on cherche \u00e0 reconstruire les lacunes.  En compl\u00e9ment, la segmentation des lignes de construction des objets peuvent aider pour reconstruire les objets en mod\u00e9lisation \u00ab\u00a0classique\u00a0\u00bb, c&rsquo;est-\u00e0-dire par extrusion d&rsquo;un profil\u00e9 le long d&rsquo;un chemin, ou part r\u00e9volution autour d&rsquo;un axe de rotation. Ces volumes plus ou moins complexes peuvent \u00eatre corrig\u00e9s et ferm\u00e9s pour ensuite \u00eatre prototyp\u00e9s sous forme de maquette.<\/p>\n\n\n\n<div class=\"wp-block-nextend-smartslider3\"><\/div>\n\n\n\n<p><\/p>\n\n\n\n<p>L&rsquo;\u00e9dition des mod\u00e8les photogramm\u00e9triques peut s&rsquo;appliquer \u00e0 toute \u00e9chelle, quelque soit l&rsquo;objet prit en compte, qu&rsquo;il s&rsquo;agisse d&rsquo;un monument complet ou d&rsquo;une de ses composantes architectoniques, d&rsquo;un \u00e9l\u00e9ment mobilier ou bien encore d&rsquo;un environnement&#8230;<\/p>\n\n\n\n<p><br><\/p>\n\n\n\n<div class=\"wp-block-nextend-smartslider3\"><\/div>\n","protected":false},"excerpt":{"rendered":"<p class=\"excerpt\">Nous proposons une offre compl\u00e8te de num\u00e9risation d&rsquo;environnements, de sites, de monuments ou d&rsquo;objets par photogramm\u00e9trie. Les mod\u00e8les 3D sont \u00e9labor\u00e9s \u00e0 partir de campagnes de prises de vues photographiques men\u00e9es \u00e0 diff\u00e9rentes \u00e9chelles et adapt\u00e9es en fonction du contexte d&rsquo;intervention (configuration, accessibilit\u00e9, dispositions r\u00e9glementaires, etc). Les clich\u00e9s issus de ces campagnes sont pr\u00e9par\u00e9s puis trait\u00e9s \u00e0 l&rsquo;aide de la&hellip; <a href=\"https:\/\/www.archeo3d.net\/?page_id=74\">Read more &rarr;<\/a><\/p>\n","protected":false},"author":1,"featured_media":0,"parent":61,"menu_order":2,"comment_status":"closed","ping_status":"closed","template":"","meta":{"spay_email":""},"jetpack_sharing_enabled":true,"jetpack_shortlink":"https:\/\/wp.me\/P9Yk8b-1c","_links":{"self":[{"href":"https:\/\/www.archeo3d.net\/index.php?rest_route=\/wp\/v2\/pages\/74"}],"collection":[{"href":"https:\/\/www.archeo3d.net\/index.php?rest_route=\/wp\/v2\/pages"}],"about":[{"href":"https:\/\/www.archeo3d.net\/index.php?rest_route=\/wp\/v2\/types\/page"}],"author":[{"embeddable":true,"href":"https:\/\/www.archeo3d.net\/index.php?rest_route=\/wp\/v2\/users\/1"}],"replies":[{"embeddable":true,"href":"https:\/\/www.archeo3d.net\/index.php?rest_route=%2Fwp%2Fv2%2Fcomments&post=74"}],"version-history":[{"count":61,"href":"https:\/\/www.archeo3d.net\/index.php?rest_route=\/wp\/v2\/pages\/74\/revisions"}],"predecessor-version":[{"id":3110,"href":"https:\/\/www.archeo3d.net\/index.php?rest_route=\/wp\/v2\/pages\/74\/revisions\/3110"}],"up":[{"embeddable":true,"href":"https:\/\/www.archeo3d.net\/index.php?rest_route=\/wp\/v2\/pages\/61"}],"wp:attachment":[{"href":"https:\/\/www.archeo3d.net\/index.php?rest_route=%2Fwp%2Fv2%2Fmedia&parent=74"}],"curies":[{"name":"wp","href":"https:\/\/api.w.org\/{rel}","templated":true}]}}