{"id":75,"date":"2007-08-10T17:57:24","date_gmt":"2007-08-10T16:57:24","guid":{"rendered":"http:\/\/albanbrice.pimpaud.free.fr\/wordpress\/?page_id=75"},"modified":"2019-04-04T09:51:04","modified_gmt":"2019-04-04T08:51:04","slug":"photographie-interactive","status":"publish","type":"page","link":"https:\/\/www.archeo3d.net\/?page_id=75","title":{"rendered":"Valorisation"},"content":{"rendered":"\n<hr><br>\n\n\n\n<h3>R\u00e9alisation de s\u00e9quences anim\u00e9es<\/h3>\n\n\n\n<div class=\"wp-block-nextend-smartslider3\"><\/div>\n\n\n\n<br>\n\n\n<p>Les reconstitutions et les num\u00e9risations 3D sont mises en valeur au sein de s\u00e9quences anim\u00e9es con\u00e7ues en \u00e9troite collaboration avec les chercheurs. Sur la base du discours scientifique \u00e0 transmettre, un story-board est r\u00e9alis\u00e9 afin de pr\u00e9senter le d\u00e9coupage d&rsquo;ensemble et de d\u00e9crire les principales actions et les diff\u00e9rents mouvements de cam\u00e9ra. Une fois le contenu, le rythme et la dur\u00e9e valid\u00e9s par les diff\u00e9rents intervenants, une premi\u00e8re version de l&rsquo;animation est alors r\u00e9alis\u00e9e en rendu filaire ou solide non textur\u00e9 afin de v\u00e9rifier les encha\u00eenements et la pertinence des diff\u00e9rents plans, donnant lieu \u00e9ventuellement aux ajustements n\u00e9cessaires. Sur la base de cette pr\u00e9visualisation, quelques images pourront \u00eatre produites en rendu finalis\u00e9 pour valider la qualit\u00e9 et le niveau de d\u00e9tail souhait\u00e9s. L&rsquo;ensemble de l&rsquo;animation pourra ensuite \u00eatre mise en production finale. Un dernier travail de <em>compositing<\/em> permettra de proc\u00e9der \u00e0 quelques ajustements superficiels (colorim\u00e9trie) et ajouts de banc-titre et de cr\u00e9dits. Un de nos partenaires peut se charger \u00e9galement de r\u00e9aliser une ambiance sonore originale afin de mettre en relief les diff\u00e9rents temps de l&rsquo;animation.<\/p>\n\n\n<hr><br><br>\n\n\n\n<h3>Visites virtuelles<\/h3>\n\n\n\n<div class=\"wp-block-nextend-smartslider3\"><\/div>\n\n\n\n<br>\n\n\n\n<p>A partir de prises de vue r\u00e9elles ou d&rsquo;images en 3D pr\u00e9calcul\u00e9es, nous r\u00e9alisons des visites immersives permettant de d\u00e9couvrir et d&rsquo;appr\u00e9hender un site ou un environnement. Une interface de navigation simplifi\u00e9e permet de guider l&rsquo;utilisateur dans l&rsquo;exploiration des diff\u00e9rents points de vue panoramiques \u00e0 360\u00b0, qui peuvent \u00eatre enrichis par les \u00e9l\u00e9ments d&rsquo;information compl\u00e9mentaires. <\/p>\n\n\n\n<hr><br><br>\n\n\n\n<h3>Objets interactifs<\/h3>\n\n\n\n<div class=\"wp-block-nextend-smartslider3\"><\/div>\n\n\n\n<br>\n\n\n\n<p>Nous r\u00e9alisons \u00e9galement des \u00ab\u00a0ObjectVR\u00a0\u00bb \u00e0 partir de prise de vues r\u00e9elles ou d&rsquo;images 3D pr\u00e9calcul\u00e9es. Le d\u00e9roulement des s\u00e9quences d&rsquo;images est contr\u00f4l\u00e9 par l&rsquo;utilisateur, qui peut ainsi observer l&rsquo;objet sous tous les angles, sans pour autant se trouver d\u00e9contenanc\u00e9 par la trop grande libert\u00e9 de mouvement offerte par la 3D en temps r\u00e9el. Il est \u00e9galement possible de varier les types d&rsquo;informations disponibles, en pr\u00e9sentant par exemple les diff\u00e9rentes phases d&rsquo;\u00e9volution d&rsquo;un site, en regard d&rsquo;une frise chronologique.<br><\/p>\n\n\n\n<hr><br><br>\n\n\n\n<h3>Applications en 3D temps-r\u00e9el<\/h3>\n\n\n\n<p>Les mod\u00e8les 3D produits lors de nos travaux de restitution ou de num\u00e9risation offrent un haut niveau de d\u00e9tail. Afin de permettre un affichage fluide de la g\u00e9om\u00e9trie et des textures dans l&rsquo;application 3D temps r\u00e9el de votre choix (visite virtuelle, <em>Virtual Reality<\/em>, <em>Augmented Reality<\/em>), un important travail d&rsquo;optimisation est n\u00e9cessaire. Nous travaillons en lien \u00e9troit avec l&rsquo;agence de m\u00e9dia interactifs que vous aurez s\u00e9lectionn\u00e9 pour transmettre des livrables aux formats et aux sp\u00e9cificit\u00e9s techniques demand\u00e9es afin que ces \u00e9l\u00e9ments s\u2019ins\u00e8rent parfaitement dans le produit final.<\/p>\n\n\n\n<p>Pour des besoins sp\u00e9cifiquement resserr\u00e9s autour de la valorisation et de l&rsquo;interpr\u00e9tation des mod\u00e9lisations, num\u00e9risation comme reconstitution, nous concevons \u00ab\u00a0sur mesure\u00a0\u00bb des applications interactives int\u00e9gralement r\u00e9alis\u00e9es en 3D temps r\u00e9el. Celles-ci permettent de faire dialoguer l&rsquo;objet 3D avec le corpus scientifique (archives, donn\u00e9es et d\u00e9monstrations arch\u00e9ologiques) \u00e9tabli pour justifier et \u00e9tayer les choix de reconstitution, de pr\u00e9sentation ou de mise en sc\u00e8ne.<\/p>\n\n\n\n<p><\/p>\n\n\n\n<hr><br><br>\n\n\n\n<h3>Maquettes et impressions 3D<\/h3>\n\n\n\n<div class=\"wp-block-nextend-smartslider3\"><\/div>\n\n\n\n<p>Les reconstitutions et les num\u00e9risations 3D peuvent \u00eatre d\u00e9clin\u00e9es sous la forme de mod\u00e8les 3D destin\u00e9s au prototypage. Export\u00e9s dans un format appropri\u00e9 (par exemple le STL), ceux-ci sont optimis\u00e9s afin de faciliter l&rsquo;intervention du prestataire en impression 3D de votre choix.<\/p>\n\n\n\n<hr><br><br>\n\n\n\n<h3>Publications<\/h3>\n\n\n\n<p>Contribution \u00e0 des publications arch\u00e9ologiques, conf\u00e9rences et pr\u00e9sentations etc.<\/p>\n","protected":false},"excerpt":{"rendered":"<p class=\"excerpt\">R\u00e9alisation de s\u00e9quences anim\u00e9es Les reconstitutions et les num\u00e9risations 3D sont mises en valeur au sein de s\u00e9quences anim\u00e9es con\u00e7ues en \u00e9troite collaboration avec les chercheurs. Sur la base du discours scientifique \u00e0 transmettre, un story-board est r\u00e9alis\u00e9 afin de pr\u00e9senter le d\u00e9coupage d&rsquo;ensemble et de d\u00e9crire les principales actions et les diff\u00e9rents mouvements de cam\u00e9ra. Une fois le contenu,&hellip; <a href=\"https:\/\/www.archeo3d.net\/?page_id=75\">Read more &rarr;<\/a><\/p>\n","protected":false},"author":1,"featured_media":0,"parent":61,"menu_order":4,"comment_status":"closed","ping_status":"closed","template":"","meta":{"spay_email":""},"jetpack_sharing_enabled":true,"jetpack_shortlink":"https:\/\/wp.me\/P9Yk8b-1d","_links":{"self":[{"href":"https:\/\/www.archeo3d.net\/index.php?rest_route=\/wp\/v2\/pages\/75"}],"collection":[{"href":"https:\/\/www.archeo3d.net\/index.php?rest_route=\/wp\/v2\/pages"}],"about":[{"href":"https:\/\/www.archeo3d.net\/index.php?rest_route=\/wp\/v2\/types\/page"}],"author":[{"embeddable":true,"href":"https:\/\/www.archeo3d.net\/index.php?rest_route=\/wp\/v2\/users\/1"}],"replies":[{"embeddable":true,"href":"https:\/\/www.archeo3d.net\/index.php?rest_route=%2Fwp%2Fv2%2Fcomments&post=75"}],"version-history":[{"count":62,"href":"https:\/\/www.archeo3d.net\/index.php?rest_route=\/wp\/v2\/pages\/75\/revisions"}],"predecessor-version":[{"id":3229,"href":"https:\/\/www.archeo3d.net\/index.php?rest_route=\/wp\/v2\/pages\/75\/revisions\/3229"}],"up":[{"embeddable":true,"href":"https:\/\/www.archeo3d.net\/index.php?rest_route=\/wp\/v2\/pages\/61"}],"wp:attachment":[{"href":"https:\/\/www.archeo3d.net\/index.php?rest_route=%2Fwp%2Fv2%2Fmedia&parent=75"}],"curies":[{"name":"wp","href":"https:\/\/api.w.org\/{rel}","templated":true}]}}