{"id":822,"date":"2014-07-10T08:40:29","date_gmt":"2014-07-10T07:40:29","guid":{"rendered":"http:\/\/pimpaud.free.fr\/wordpress\/?page_id=822"},"modified":"2017-01-31T11:12:03","modified_gmt":"2017-01-31T10:12:03","slug":"nuages-de-points","status":"publish","type":"page","link":"https:\/\/www.archeo3d.net\/?page_id=822","title":{"rendered":"Nuages de points"},"content":{"rendered":"<div id=\"attachment_866\" style=\"width: 1010px\" class=\"wp-caption aligncenter\"><img aria-describedby=\"caption-attachment-866\" data-attachment-id=\"866\" data-permalink=\"https:\/\/www.archeo3d.net\/?attachment_id=866\" data-orig-file=\"https:\/\/www.archeo3d.net\/wp-content\/uploads\/amenophium_01_dense.jpg\" data-orig-size=\"1000,540\" data-comments-opened=\"0\" data-image-meta=\"{&quot;aperture&quot;:&quot;0&quot;,&quot;credit&quot;:&quot;&quot;,&quot;camera&quot;:&quot;&quot;,&quot;caption&quot;:&quot;&quot;,&quot;created_timestamp&quot;:&quot;0&quot;,&quot;copyright&quot;:&quot;&quot;,&quot;focal_length&quot;:&quot;0&quot;,&quot;iso&quot;:&quot;0&quot;,&quot;shutter_speed&quot;:&quot;0&quot;,&quot;title&quot;:&quot;&quot;}\" data-image-title=\"Nuage de points dense\" data-image-description=\"\" data-medium-file=\"https:\/\/www.archeo3d.net\/wp-content\/uploads\/amenophium_01_dense-300x162.jpg\" data-large-file=\"https:\/\/www.archeo3d.net\/wp-content\/uploads\/amenophium_01_dense.jpg\" loading=\"lazy\" class=\"size-full wp-image-866\" src=\"http:\/\/pimpaud.free.fr\/wordpress\/wp-content\/uploads\/amenophium_01_dense.jpg\" alt=\"Nuage de points dense\" width=\"1000\" height=\"540\" srcset=\"https:\/\/www.archeo3d.net\/wp-content\/uploads\/amenophium_01_dense.jpg 1000w, https:\/\/www.archeo3d.net\/wp-content\/uploads\/amenophium_01_dense-300x162.jpg 300w\" sizes=\"(max-width: 1000px) 100vw, 1000px\" \/><p id=\"caption-attachment-866\" class=\"wp-caption-text\">Colosses de la porte nord du temple d&rsquo;Amenhotep III [<a title=\"Les Colosses de la Porte Nord du Temple d\u2019Amenhotep III, Th\u00e8bes-Ouest\" href=\"http:\/\/pimpaud.free.fr\/3D\/potree-master\/examples\/amenophium.html\" target=\"_blank\">WebGL Potree<\/a>] | [<a title=\"Les Colosses de la Porte Nord du Temple d\u2019Amenhotep III, Th\u00e8bes-Ouest\" href=\"http:\/\/www.pointclouds.org\/assets\/viewer\/pcl_viewer.html?load=http:\/\/pimpaud.free.fr\/3D\/PCL\/amenophium_3200_SURE_4cm_bin.pcd\" target=\"_blank\">PCL Viewer<\/a>]<\/p><\/div>\n<div id=\"attachment_1435\" style=\"width: 493px\" class=\"wp-caption aligncenter\"><img aria-describedby=\"caption-attachment-1435\" data-attachment-id=\"1435\" data-permalink=\"https:\/\/www.archeo3d.net\/?attachment_id=1435\" data-orig-file=\"https:\/\/www.archeo3d.net\/wp-content\/uploads\/tete_R2.png\" data-orig-size=\"483,609\" data-comments-opened=\"0\" data-image-meta=\"{&quot;aperture&quot;:&quot;0&quot;,&quot;credit&quot;:&quot;&quot;,&quot;camera&quot;:&quot;&quot;,&quot;caption&quot;:&quot;&quot;,&quot;created_timestamp&quot;:&quot;0&quot;,&quot;copyright&quot;:&quot;&quot;,&quot;focal_length&quot;:&quot;0&quot;,&quot;iso&quot;:&quot;0&quot;,&quot;shutter_speed&quot;:&quot;0&quot;,&quot;title&quot;:&quot;&quot;,&quot;orientation&quot;:&quot;0&quot;}\" data-image-title=\"T\u00eate du \u00ab\u00a0Jeune Memnon\u00a0\u00bb\" data-image-description=\"\" data-medium-file=\"https:\/\/www.archeo3d.net\/wp-content\/uploads\/tete_R2-238x300.png\" data-large-file=\"https:\/\/www.archeo3d.net\/wp-content\/uploads\/tete_R2.png\" loading=\"lazy\" class=\"size-full wp-image-1435\" src=\"http:\/\/pimpaud.free.fr\/wordpress\/wp-content\/uploads\/tete_R2.png\" alt=\"\" width=\"483\" height=\"609\" srcset=\"https:\/\/www.archeo3d.net\/wp-content\/uploads\/tete_R2.png 483w, https:\/\/www.archeo3d.net\/wp-content\/uploads\/tete_R2-238x300.png 238w\" sizes=\"(max-width: 483px) 100vw, 483px\" \/><p id=\"caption-attachment-1435\" class=\"wp-caption-text\">T\u00eate de Rams\u00e8s II dans la deuxi\u00e8me cour du Ramesseum [<a title=\"T\u00eate de Rams\u00e8s II\" href=\"http:\/\/pimpaud.free.fr\/3D\/potree-master\/examples\/memnon.html\" target=\"_blank\">WebGL Potree<\/a>]<\/p><\/div>\n","protected":false},"excerpt":{"rendered":"<p class=\"excerpt\">&nbsp; &nbsp; <a href=\"https:\/\/www.archeo3d.net\/?page_id=822\">Read more &rarr;<\/a><\/p>\n","protected":false},"author":1,"featured_media":0,"parent":301,"menu_order":0,"comment_status":"closed","ping_status":"closed","template":"","meta":{"spay_email":""},"jetpack_sharing_enabled":true,"jetpack_shortlink":"https:\/\/wp.me\/P9Yk8b-dg","_links":{"self":[{"href":"https:\/\/www.archeo3d.net\/index.php?rest_route=\/wp\/v2\/pages\/822"}],"collection":[{"href":"https:\/\/www.archeo3d.net\/index.php?rest_route=\/wp\/v2\/pages"}],"about":[{"href":"https:\/\/www.archeo3d.net\/index.php?rest_route=\/wp\/v2\/types\/page"}],"author":[{"embeddable":true,"href":"https:\/\/www.archeo3d.net\/index.php?rest_route=\/wp\/v2\/users\/1"}],"replies":[{"embeddable":true,"href":"https:\/\/www.archeo3d.net\/index.php?rest_route=%2Fwp%2Fv2%2Fcomments&post=822"}],"version-history":[{"count":10,"href":"https:\/\/www.archeo3d.net\/index.php?rest_route=\/wp\/v2\/pages\/822\/revisions"}],"predecessor-version":[{"id":1436,"href":"https:\/\/www.archeo3d.net\/index.php?rest_route=\/wp\/v2\/pages\/822\/revisions\/1436"}],"up":[{"embeddable":true,"href":"https:\/\/www.archeo3d.net\/index.php?rest_route=\/wp\/v2\/pages\/301"}],"wp:attachment":[{"href":"https:\/\/www.archeo3d.net\/index.php?rest_route=%2Fwp%2Fv2%2Fmedia&parent=822"}],"curies":[{"name":"wp","href":"https:\/\/api.w.org\/{rel}","templated":true}]}}