{"id":842,"date":"2014-11-11T12:57:31","date_gmt":"2014-11-11T11:57:31","guid":{"rendered":"http:\/\/pimpaud.free.fr\/wordpress\/?page_id=842"},"modified":"2019-03-14T18:12:15","modified_gmt":"2019-03-14T17:12:15","slug":"les-colosses-de-la-porte-nord-du-temple-damenhotep-iii-thebes-ouest","status":"publish","type":"page","link":"https:\/\/www.archeo3d.net\/?page_id=842","title":{"rendered":"Les Colosses de la Porte Nord du Temple d&rsquo;Amenhotep III, Th\u00e8bes-Ouest"},"content":{"rendered":"<p><img loading=\"lazy\" class=\"size-full aligncenter\" src=\"http:\/\/pimpaud.free.fr\/wordpress\/wp-content\/uploads\/-e1415969212612.jpg\" alt=\"Colosse oriental. Porte Nord du Temple d'Amenhotep III.\" width=\"1200\" height=\"\" \/><\/p>\n<div id=\"attachment_858\" style=\"width: 185px\" class=\"wp-caption alignleft\"><img aria-describedby=\"caption-attachment-858\" data-attachment-id=\"858\" data-permalink=\"https:\/\/www.archeo3d.net\/?attachment_id=858\" data-orig-file=\"https:\/\/www.archeo3d.net\/wp-content\/uploads\/P1240099.jpg\" data-orig-size=\"768,1024\" data-comments-opened=\"0\" data-image-meta=\"{&quot;aperture&quot;:&quot;5.6&quot;,&quot;credit&quot;:&quot;&quot;,&quot;camera&quot;:&quot;DMC-G1&quot;,&quot;caption&quot;:&quot;&quot;,&quot;created_timestamp&quot;:&quot;1324555598&quot;,&quot;copyright&quot;:&quot;&quot;,&quot;focal_length&quot;:&quot;14&quot;,&quot;iso&quot;:&quot;100&quot;,&quot;shutter_speed&quot;:&quot;0,008&quot;,&quot;title&quot;:&quot;&quot;}\" data-image-title=\"Colosse oriental, vue vers l&amp;rsquo;Ouest\" data-image-description=\"\" data-medium-file=\"https:\/\/www.archeo3d.net\/wp-content\/uploads\/P1240099-225x300.jpg\" data-large-file=\"https:\/\/www.archeo3d.net\/wp-content\/uploads\/P1240099.jpg\" loading=\"lazy\" class=\"wp-image-858\" src=\"http:\/\/pimpaud.free.fr\/wordpress\/wp-content\/uploads\/P1240099-225x300.jpg\" alt=\"Colosse oriental, vue vers l'Ouest. Clich\u00e9 Ph. Martinez\" width=\"175\" height=\"233\" srcset=\"https:\/\/www.archeo3d.net\/wp-content\/uploads\/P1240099-225x300.jpg 225w, https:\/\/www.archeo3d.net\/wp-content\/uploads\/P1240099.jpg 768w\" sizes=\"(max-width: 175px) 100vw, 175px\" \/><p id=\"caption-attachment-858\" class=\"wp-caption-text\">Colosse oriental, vue vers l&rsquo;Ouest<\/p><\/div>\n<p>Une campagne de prise de vues photogramm\u00e9triques a \u00e9t\u00e9 effectu\u00e9e sur le site de la porte septentrionale du vaste temple d&rsquo;Amenhotep III, apr\u00e8s qu&rsquo;une fouille ait \u00e9t\u00e9 men\u00e9e par une \u00e9quipe du <acronym title=\"Ministry of State for Antiquities\">MSA<\/acronym> en d\u00e9cembre 2011. Ce site contient notamment les vestiges de deux statues monumentales effondr\u00e9es et fragment\u00e9es en blocs relativement massifs. L&#8217;emploi de la photogramm\u00e9trie s&rsquo;av\u00e9rait donc particuli\u00e8rement indiqu\u00e9 pour, d&rsquo;une part, enregistrer un \u00e9tat du site \u00e0 l&rsquo;issue de la fouille, et d&rsquo;autre part saisir et donner \u00e0 voir les caract\u00e9ristiques plastiques des blocs sculpt\u00e9s en ronde bosse dont la disposition et l&rsquo;orientation ne favorisaient pas l&rsquo;appr\u00e9hension et le relev\u00e9 avec des m\u00e9thodes traditionnelles. Par ailleurs, la r\u00e9alisation de mod\u00e8les 3D des blocs sculpt\u00e9s aurait pu \u00eatre la premi\u00e8re \u00e9tape d&rsquo;une anastylose virtuelle des statues susceptible de pr\u00e9figurer un \u00e9ventuel remontage r\u00e9el \u00e0 des fins de conservation et de pr\u00e9sentation au public. Enfin, pr\u00e9cisons que la pratique de la photogramm\u00e9trie num\u00e9rique commen\u00e7ait \u00e0 peine \u00e0 se d\u00e9mocratiser et \u00e0 \u00eatre op\u00e9rante avec un \u00e9quipement basique, aussi nous estimions que sa facilit\u00e9 de mise en \u0153uvre sur les sites arch\u00e9ologiques, en particulier lors des op\u00e9rations d&rsquo;arch\u00e9ologie pr\u00e9ventive, mettait \u00e0 la port\u00e9e des \u00e9quipes du <acronym title=\"Ministry of State for Antiquities\">MSA<\/acronym> une technique globale d&rsquo;enregistrement tridimensionnel. Cette op\u00e9ration avait donc des finalit\u00e9s exp\u00e9rimentale et didactique.<\/p>\n<h2>Prises de vue<\/h2>\n<p>Le 22 d\u00e9cembre 2011, de 12h \u00e0 12h30, pr\u00e8s de 400 clich\u00e9s ont \u00e9t\u00e9 r\u00e9alis\u00e9s par A.-B. Pimpaud (<acronym title=\"Ministry of State for Antiquities\">MSA<\/acronym>, <acronym title=\"Minist\u00e8re des Affaires Etrang\u00e8res\">MAE<\/acronym>\/ <acronym title=\"Mission Arch\u00e9ologique Fran\u00e7aise de Th\u00e8bes-Ouest\">MAFTO<\/acronym>) et Ph. Martinez (<acronym title=\"Mission Arch\u00e9ologique Fran\u00e7aise de Th\u00e8bes-Ouest\">MAFTO<\/acronym>) avec les appareils CANON EOS 500D et PANASONIC DMC-G1, \u00e0 partir des bermes de la fouille et \u00e0 l&rsquo;int\u00e9rieur du site m\u00eame. Certains clich\u00e9s ont \u00e9t\u00e9 r\u00e9alis\u00e9s \u00e0 l&rsquo;aide d&rsquo;une potence afin de varier les altitudes de prises de vue; toutefois les d\u00e9lais imputable \u00e0 la manipulation de cette extension se sont r\u00e9v\u00e9l\u00e9s \u00eatre un frein \u00e0 la bonne marche de l&rsquo;enregistrement photographique du site, qui doit \u00eatre r\u00e9alis\u00e9 dans un lapse de temps relativement court afin de garantir une illumination et un ombrage coh\u00e9rents des diff\u00e9rentes parties de la zone \u00e0 couvrir. Par cons\u00e9quent, la plupart des photographies ont \u00e9t\u00e9 r\u00e9alis\u00e9es \u00e0 hauteur d&rsquo;homme, en vue frontale ou oblique, et il n&rsquo;existe malheureusement pas de vue z\u00e9nithale.<\/p>\n<p><img data-attachment-id=\"862\" data-permalink=\"https:\/\/www.archeo3d.net\/?attachment_id=862\" data-orig-file=\"https:\/\/www.archeo3d.net\/wp-content\/uploads\/amenophium_planchecontact.jpg\" data-orig-size=\"\" data-comments-opened=\"0\" data-image-meta=\"[]\" data-image-title=\"Campagne photographique\" data-image-description=\"\" data-medium-file=\"https:\/\/www.archeo3d.net\/wp-content\/uploads\/amenophium_planchecontact.jpg\" data-large-file=\"https:\/\/www.archeo3d.net\/wp-content\/uploads\/amenophium_planchecontact.jpg\" loading=\"lazy\" class=\"size-medium wp-image-862\" src=\"http:\/\/pimpaud.free.fr\/wordpress\/wp-content\/uploads\/amenophium_planchecontact.jpg\" alt=\"Campagne photographique\" width=\"\" height=\"\" \/><\/p>\n<h2><\/h2>\n<h2>Mise en correspondance, calibration et orientation des prises de vue<\/h2>\n<p>Les fichiers images originaux ont \u00e9t\u00e9 export\u00e9s en JPEG et redimensionn\u00e9s \u00e0 une taille maximale de 3200 pixels, puis trait\u00e9s dans<a title=\"Visual SFM\" href=\"http:\/\/ccwu.me\/vsfm\/\" target=\"_blank\"> Visual SFM<\/a>, afin de proc\u00e9der \u00e0 la mise en correspondance, \u00e0 la calibration, \u00e0 l&rsquo;orientation des photographies et \u00e0 la reconstruction d&rsquo;un nuage de points \u00e9pars.<\/p>\n<p><img data-attachment-id=\"867\" data-permalink=\"https:\/\/www.archeo3d.net\/?attachment_id=867\" data-orig-file=\"https:\/\/www.archeo3d.net\/wp-content\/uploads\/amenophium_01_sparse.jpg\" data-orig-size=\"1000,540\" data-comments-opened=\"0\" data-image-meta=\"{&quot;aperture&quot;:&quot;0&quot;,&quot;credit&quot;:&quot;&quot;,&quot;camera&quot;:&quot;&quot;,&quot;caption&quot;:&quot;&quot;,&quot;created_timestamp&quot;:&quot;0&quot;,&quot;copyright&quot;:&quot;&quot;,&quot;focal_length&quot;:&quot;0&quot;,&quot;iso&quot;:&quot;0&quot;,&quot;shutter_speed&quot;:&quot;0&quot;,&quot;title&quot;:&quot;&quot;}\" data-image-title=\"Nuage de points \u00e9pars\" data-image-description=\"\" data-medium-file=\"https:\/\/www.archeo3d.net\/wp-content\/uploads\/amenophium_01_sparse-300x162.jpg\" data-large-file=\"https:\/\/www.archeo3d.net\/wp-content\/uploads\/amenophium_01_sparse.jpg\" loading=\"lazy\" class=\"aligncenter wp-image-867 size-full\" src=\"http:\/\/pimpaud.free.fr\/wordpress\/wp-content\/uploads\/amenophium_01_sparse.jpg\" alt=\"Nuage de points \u00e9pars\" width=\"1000\" height=\"540\" srcset=\"https:\/\/www.archeo3d.net\/wp-content\/uploads\/amenophium_01_sparse.jpg 1000w, https:\/\/www.archeo3d.net\/wp-content\/uploads\/amenophium_01_sparse-300x162.jpg 300w\" sizes=\"(max-width: 1000px) 100vw, 1000px\" \/><\/p>\n<h2><\/h2>\n<h2>Mise \u00e0 l&rsquo;\u00e9chelle et orientation du mod\u00e8le<\/h2>\n<p>Depuis notre campagne initiale de prises de vue en 2011 au c\u00f4t\u00e9 de l&rsquo;\u00e9quipe du <acronym title=\"Ministry of State for Antiquities\">MSA<\/acronym>, l&rsquo;exploitation du site et des blocs statuaires pr\u00e9alablement pr\u00e9lev\u00e9s a \u00e9t\u00e9 confi\u00e9e \u00e0 la Mission des Colosses de Memnon et du temple d&rsquo;Amenhotep III dirig\u00e9e par Mme Hourig Sourouzian. Les \u00e9tudes pr\u00e9alables au remontage r\u00e9el des colosses ont \u00e9t\u00e9 l&rsquo;occasion pour l&rsquo;\u00e9quipe de Mme Sourouzian de produire un relev\u00e9 du site permettant de le raccorder au syst\u00e8me de coordonn\u00e9es local mis en place pour la cartographie du temple d&rsquo;Amenhotep III. Gr\u00e2ce \u00e0 ce document, qui nous a \u00e9t\u00e9 g\u00e9n\u00e9reusement communiqu\u00e9 par Mme Sourouzian, nous avons pu estimer les positions de 8 points de r\u00e9f\u00e9rence connus en coordonn\u00e9es XYZ, et ainsi proc\u00e9der \u00e0 la remise \u00e0 l&rsquo;\u00e9chelle et \u00e0 l&rsquo;orientation du mod\u00e8le photogramm\u00e9trique.<\/p>\n<p>Les points r\u00e9f\u00e9rences \u00e9tant approximativement identifi\u00e9s sur des blocs sculpt\u00e9s qui ont parfois \u00e9t\u00e9 d\u00e9plac\u00e9s entre temps, l&rsquo;erreur moyenne de la transformation que nous avons appliqu\u00e9e au mod\u00e8le est relativement importante \u00e0 l&rsquo;\u00e9chelle du site (environ 30 cm). Nous avons malgr\u00e9 tout choisi d&rsquo;appliquer cette correction car elle permettrait d&rsquo;approcher, \u00e0 d\u00e9faut de tout autre, la position, l&rsquo;orientation et les dimensions du mod\u00e8le.<\/p>\n<div id=\"attachment_871\" style=\"width: 1010px\" class=\"wp-caption aligncenter\"><img aria-describedby=\"caption-attachment-871\" data-attachment-id=\"871\" data-permalink=\"https:\/\/www.archeo3d.net\/?attachment_id=871\" data-orig-file=\"https:\/\/www.archeo3d.net\/wp-content\/uploads\/amenophium_02_GCP.jpg\" data-orig-size=\"1000,524\" data-comments-opened=\"0\" data-image-meta=\"{&quot;aperture&quot;:&quot;0&quot;,&quot;credit&quot;:&quot;&quot;,&quot;camera&quot;:&quot;&quot;,&quot;caption&quot;:&quot;&quot;,&quot;created_timestamp&quot;:&quot;0&quot;,&quot;copyright&quot;:&quot;&quot;,&quot;focal_length&quot;:&quot;0&quot;,&quot;iso&quot;:&quot;0&quot;,&quot;shutter_speed&quot;:&quot;0&quot;,&quot;title&quot;:&quot;&quot;}\" data-image-title=\"Identification des points de contr\u00f4le (GCP)\" data-image-description=\"\" data-medium-file=\"https:\/\/www.archeo3d.net\/wp-content\/uploads\/amenophium_02_GCP-300x157.jpg\" data-large-file=\"https:\/\/www.archeo3d.net\/wp-content\/uploads\/amenophium_02_GCP.jpg\" loading=\"lazy\" class=\"size-full wp-image-871\" src=\"http:\/\/pimpaud.free.fr\/wordpress\/wp-content\/uploads\/amenophium_02_GCP.jpg\" alt=\"Identification des points de contr\u00f4le (GCP)\" width=\"1000\" height=\"524\" srcset=\"https:\/\/www.archeo3d.net\/wp-content\/uploads\/amenophium_02_GCP.jpg 1000w, https:\/\/www.archeo3d.net\/wp-content\/uploads\/amenophium_02_GCP-300x157.jpg 300w\" sizes=\"(max-width: 1000px) 100vw, 1000px\" \/><p id=\"caption-attachment-871\" class=\"wp-caption-text\">Identification des points de contr\u00f4le (GCP)<\/p><\/div>\n<h2>Densification du nuage de points<\/h2>\n<p>A l&rsquo;aide du logiciel <a title=\"SURE Photogrammetry\" href=\"http:\/\/www.ifp.uni-stuttgart.de\/publications\/software\/sure\/index.en.html\" target=\"_blank\">SURE<\/a> de l&rsquo;Universit\u00e9 de Stuttgart, le nuage de point \u00e9pars a \u00e9t\u00e9 densifi\u00e9 et une orthophoto et un mod\u00e8le num\u00e9rique (<acronym title=\"Digital Surface Model\">DSM<\/acronym>) de surface ont \u00e9t\u00e9 produits.<\/p>\n<p>Le nuage de points brut comporte plus de 28 Millions de points.<\/p>\n<div id=\"attachment_866\" style=\"width: 1010px\" class=\"wp-caption aligncenter\"><img aria-describedby=\"caption-attachment-866\" data-attachment-id=\"866\" data-permalink=\"https:\/\/www.archeo3d.net\/?attachment_id=866\" data-orig-file=\"https:\/\/www.archeo3d.net\/wp-content\/uploads\/amenophium_01_dense.jpg\" data-orig-size=\"1000,540\" data-comments-opened=\"0\" data-image-meta=\"{&quot;aperture&quot;:&quot;0&quot;,&quot;credit&quot;:&quot;&quot;,&quot;camera&quot;:&quot;&quot;,&quot;caption&quot;:&quot;&quot;,&quot;created_timestamp&quot;:&quot;0&quot;,&quot;copyright&quot;:&quot;&quot;,&quot;focal_length&quot;:&quot;0&quot;,&quot;iso&quot;:&quot;0&quot;,&quot;shutter_speed&quot;:&quot;0&quot;,&quot;title&quot;:&quot;&quot;}\" data-image-title=\"Nuage de points dense\" data-image-description=\"\" data-medium-file=\"https:\/\/www.archeo3d.net\/wp-content\/uploads\/amenophium_01_dense-300x162.jpg\" data-large-file=\"https:\/\/www.archeo3d.net\/wp-content\/uploads\/amenophium_01_dense.jpg\" loading=\"lazy\" class=\"size-full wp-image-866\" src=\"http:\/\/pimpaud.free.fr\/wordpress\/wp-content\/uploads\/amenophium_01_dense.jpg\" alt=\"Nuage de points dense\" width=\"1000\" height=\"540\" srcset=\"https:\/\/www.archeo3d.net\/wp-content\/uploads\/amenophium_01_dense.jpg 1000w, https:\/\/www.archeo3d.net\/wp-content\/uploads\/amenophium_01_dense-300x162.jpg 300w\" sizes=\"(max-width: 1000px) 100vw, 1000px\" \/><p id=\"caption-attachment-866\" class=\"wp-caption-text\">Nuage de points dense<\/p><\/div>\n<h2>Production d&rsquo;un maillage 3D<\/h2>\n<p>La reconstruction de la g\u00e9om\u00e9trie du site a \u00e9t\u00e9 r\u00e9alis\u00e9e \u00e0 l&rsquo;aide des logiciels <a title=\"MeshLab\" href=\"http:\/\/meshlab.sourceforge.net\/\" target=\"_blank\">MeshLab <\/a>et <a title=\"CloudCompare\" href=\"http:\/\/www.danielgm.net\/cc\/\" target=\"_blank\">CloudCompare<\/a>. Voici les principales \u00e9tapes.<\/p>\n<ol>\n<li>R\u00e9echantillonage du nuage de points \u00e0 une r\u00e9solution de 1 cm et suppression des points non d\u00e9sir\u00e9s, en dehors de la zone d&rsquo;int\u00e9r\u00eat. Le nuage de point ainsi nettoy\u00e9 comporte 4,5 Millions de points.<\/li>\n<li>Calcul des normales.<\/li>\n<li>Reconstruction d&rsquo;un maillage par PoissonReconstruction.<\/li>\n<li>Suppression des faces non d\u00e9sir\u00e9es.<\/li>\n<\/ol>\n<div id=\"attachment_873\" style=\"width: 1210px\" class=\"wp-caption aligncenter\"><img aria-describedby=\"caption-attachment-873\" data-attachment-id=\"873\" data-permalink=\"https:\/\/www.archeo3d.net\/?attachment_id=873\" data-orig-file=\"https:\/\/www.archeo3d.net\/wp-content\/uploads\/amenophium_04_dense_edit.jpg\" data-orig-size=\"\" data-comments-opened=\"0\" data-image-meta=\"[]\" data-image-title=\"Nuage de points brut | Nuage de points \u00e9chantillonn\u00e9s \u00e0 1 cm | Maillage reconstruit\" data-image-description=\"\" data-medium-file=\"https:\/\/www.archeo3d.net\/wp-content\/uploads\/amenophium_04_dense_edit.jpg\" data-large-file=\"https:\/\/www.archeo3d.net\/wp-content\/uploads\/amenophium_04_dense_edit.jpg\" loading=\"lazy\" class=\"wp-image-873 size-full\" title=\"Nuage de points brut | Nuage de points \u00e9chantillonn\u00e9s \u00e0 1 cm | Maillage reconstruit\" src=\"http:\/\/pimpaud.free.fr\/wordpress\/wp-content\/uploads\/amenophium_04_dense_edit.jpg\" alt=\"Nuage de points brut | Nuage de points \u00e9chantillonn\u00e9s \u00e0 1 cm | Maillage reconstruit\" width=\"1200\" height=\"729\" \/><p id=\"caption-attachment-873\" class=\"wp-caption-text\">Nuage de points brut (28 M de points) | Nuage de points \u00e9chantillonn\u00e9s \u00e0 1 cm (4,5 M de points) | Maillage reconstruit<\/p><\/div>\n<h2>Exports<\/h2>\n<h3>3D<\/h3>\n<p>Le mod\u00e8le 3D et le nuage de points sont export\u00e9s en plusieurs formats.<\/p>\n<ul>\n<li>La collection de photographies orient\u00e9es et calibr\u00e9es, ainsi que le nuage de points, peuvent \u00eatre visualis\u00e9s avec PhotoCloud (<a title=\"PhotoCloud\" href=\"http:\/\/vcg.isti.cnr.it\/photocloud\/\" target=\"_blank\">t\u00e9l\u00e9chargez le logiciel<\/a>, puis <a title=\"Copiez cette URL puis collez-la dans PhotoCloud\" href=\"http:\/\/pimpaud.free.fr\/3D\/PhotoCloud\/Amenophium\/amenophium_nvm_generated.pxi\">copiez-collez l&rsquo;URL <\/a>dans PhotoCloud \\ File \\ Open Data from Network\/Internet).<\/li>\n<li>Le nuage de points seul peut \u00eatre affich\u00e9 \u00e0 l&rsquo;aide du lecteur PCL Viewer [<a title=\"4 cm\" href=\"http:\/\/www.pointclouds.org\/assets\/viewer\/pcl_viewer.html?load=http:\/\/pimpaud.free.fr\/3D\/PCL\/amenophium_3200_SURE_4cm_bin.pcd\" target=\"_blank\">r\u00e9solution 4cm, 320K points, 5 Mo<\/a> | <a title=\"2cm\" href=\"http:\/\/www.pointclouds.org\/assets\/viewer\/pcl_viewer.html?load=http:\/\/pimpaud.free.fr\/3D\/PCL\/amenophium_3200_SURE_2cm_bin.pcd\" target=\"_blank\">r\u00e9solution 2 cm, 1.2M points, 20 Mo<\/a>]<\/li>\n<li>Le nuage de points seul peut \u00eatre affich\u00e9 \u00e0 l&rsquo;aide du lecteur WebGL <a title=\"Potree WebGL point cloud viewer\" href=\"http:\/\/www.potree.org\" target=\"_blank\">Potree<\/a> [<a title=\"Les Colosses de la Porte Nord du Temple d\u2019Amenhotep III, Th\u00e8bes-Ouest\" href=\"http:\/\/pimpaud.free.fr\/3D\/potree-master\/examples\/amenophium.html\" target=\"_blank\">plein \u00e9cran<\/a>] :<\/li>\n<\/ul>\n<p><iframe src=\"http:\/\/pimpaud.free.fr\/3D\/potree-master\/examples\/amenophium.html\" width=\"100%\" height=\"500px\" frameborder=\"0\"><\/iframe><\/p>\n<h3>2D<\/h3>\n<p>L&rsquo;orthophoto et le DSM sont reprojet\u00e9s en coordonn\u00e9es globales (UTM WGS 1984) puis export\u00e9s au format GeoTIFF afin d&rsquo; \u00eatre affich\u00e9s dans un logiciel de SIG (<a title=\"QGIS\" href=\"http:\/\/www.qgis.org\" target=\"_blank\">QGIS<\/a> ou ArcGIS).<\/p>\n<div data-carousel-extra='{\"blog_id\":1,\"permalink\":\"https:\\\/\\\/www.archeo3d.net\\\/?page_id=842\"}' id='gallery-1' class='gallery galleryid-842 gallery-columns-2 gallery-size-thumbnail'><dl class='gallery-item'>\n\t\t\t<dt class='gallery-icon '>\n\t\t\t\t<a href='https:\/\/www.archeo3d.net\/wp-content\/uploads\/plan_amenophium_PorteNord_RVB_1200px.jpg'><img width=\"1\" height=\"1\" src=\"https:\/\/www.archeo3d.net\/wp-content\/uploads\/plan_amenophium_PorteNord_RVB_1200px.jpg\" class=\"attachment-thumbnail size-thumbnail\" alt=\"Colosses de la Porte Nord - Orthophoto\" loading=\"lazy\" aria-describedby=\"gallery-1-876\" data-attachment-id=\"876\" data-permalink=\"https:\/\/www.archeo3d.net\/?attachment_id=876\" data-orig-file=\"https:\/\/www.archeo3d.net\/wp-content\/uploads\/plan_amenophium_PorteNord_RVB_1200px.jpg\" data-orig-size=\"\" data-comments-opened=\"0\" data-image-meta=\"[]\" data-image-title=\"Colosses de la Porte Nord &#8211; Orthophoto\" data-image-description=\"\" data-medium-file=\"https:\/\/www.archeo3d.net\/wp-content\/uploads\/plan_amenophium_PorteNord_RVB_1200px.jpg\" data-large-file=\"https:\/\/www.archeo3d.net\/wp-content\/uploads\/plan_amenophium_PorteNord_RVB_1200px.jpg\" \/><\/a>\n\t\t\t<\/dt>\n\t\t\t\t<dd class='wp-caption-text gallery-caption' id='gallery-1-876'>\n\t\t\t\tColosses de la Porte Nord &#8211; Orthophoto\n\t\t\t\t<\/dd><\/dl><dl class='gallery-item'>\n\t\t\t<dt class='gallery-icon '>\n\t\t\t\t<a href='https:\/\/www.archeo3d.net\/wp-content\/uploads\/plan_amenophium_PorteNord_MNT_1200px.jpg'><img width=\"1\" height=\"1\" src=\"https:\/\/www.archeo3d.net\/wp-content\/uploads\/plan_amenophium_PorteNord_MNT_1200px.jpg\" class=\"attachment-thumbnail size-thumbnail\" alt=\"Colosses de la Porte Nord - Mod\u00e8le Num\u00e9rique de Surface\" loading=\"lazy\" aria-describedby=\"gallery-1-877\" data-attachment-id=\"877\" data-permalink=\"https:\/\/www.archeo3d.net\/?attachment_id=877\" data-orig-file=\"https:\/\/www.archeo3d.net\/wp-content\/uploads\/plan_amenophium_PorteNord_MNT_1200px.jpg\" data-orig-size=\"\" data-comments-opened=\"0\" data-image-meta=\"[]\" data-image-title=\"Colosses de la Porte Nord &#8211; Mod\u00e8le Num\u00e9rique de Surface\" data-image-description=\"\" data-medium-file=\"https:\/\/www.archeo3d.net\/wp-content\/uploads\/plan_amenophium_PorteNord_MNT_1200px.jpg\" data-large-file=\"https:\/\/www.archeo3d.net\/wp-content\/uploads\/plan_amenophium_PorteNord_MNT_1200px.jpg\" \/><\/a>\n\t\t\t<\/dt>\n\t\t\t\t<dd class='wp-caption-text gallery-caption' id='gallery-1-877'>\n\t\t\t\tColosses de la Porte Nord &#8211; Mod\u00e8le Num\u00e9rique de Surface\n\t\t\t\t<\/dd><\/dl><br style=\"clear: both\" \/>\n\t\t<\/div>\n\n<h3>Insertion dans la carte g\u00e9n\u00e9rale de Th\u00e8bes-Ouest<\/h3>\n<p><iframe src=\"https:\/\/a.tiles.mapbox.com\/v4\/albanbrice.k79jg931\/attribution,zoompan,zoomwheel,geocoder,share.html?access_token=pk.eyJ1IjoiYWxiYW5icmljZSIsImEiOiJ3WUtYbUlrIn0.mAJXM-bxrQ3DQckNkL8ymQ\" width=\"100%\" height=\"500px\" frameborder=\"0\"><\/iframe><\/p>\n","protected":false},"excerpt":{"rendered":"<p class=\"excerpt\">Une campagne de prise de vues photogramm\u00e9triques a \u00e9t\u00e9 effectu\u00e9e sur le site de la porte septentrionale du vaste temple d&rsquo;Amenhotep III, apr\u00e8s qu&rsquo;une fouille ait \u00e9t\u00e9 men\u00e9e par une \u00e9quipe du MSA en d\u00e9cembre 2011. Ce site contient notamment les vestiges de deux statues monumentales effondr\u00e9es et fragment\u00e9es en blocs relativement massifs. L&#8217;emploi de la photogramm\u00e9trie s&rsquo;av\u00e9rait donc particuli\u00e8rement&hellip; <a href=\"https:\/\/www.archeo3d.net\/?page_id=842\">Read more &rarr;<\/a><\/p>\n","protected":false},"author":1,"featured_media":896,"parent":388,"menu_order":0,"comment_status":"closed","ping_status":"closed","template":"page-templates\/page_ss.php","meta":{"spay_email":""},"jetpack_sharing_enabled":true,"jetpack_shortlink":"https:\/\/wp.me\/P9Yk8b-dA","_links":{"self":[{"href":"https:\/\/www.archeo3d.net\/index.php?rest_route=\/wp\/v2\/pages\/842"}],"collection":[{"href":"https:\/\/www.archeo3d.net\/index.php?rest_route=\/wp\/v2\/pages"}],"about":[{"href":"https:\/\/www.archeo3d.net\/index.php?rest_route=\/wp\/v2\/types\/page"}],"author":[{"embeddable":true,"href":"https:\/\/www.archeo3d.net\/index.php?rest_route=\/wp\/v2\/users\/1"}],"replies":[{"embeddable":true,"href":"https:\/\/www.archeo3d.net\/index.php?rest_route=%2Fwp%2Fv2%2Fcomments&post=842"}],"version-history":[{"count":53,"href":"https:\/\/www.archeo3d.net\/index.php?rest_route=\/wp\/v2\/pages\/842\/revisions"}],"predecessor-version":[{"id":933,"href":"https:\/\/www.archeo3d.net\/index.php?rest_route=\/wp\/v2\/pages\/842\/revisions\/933"}],"up":[{"embeddable":true,"href":"https:\/\/www.archeo3d.net\/index.php?rest_route=\/wp\/v2\/pages\/388"}],"wp:featuredmedia":[{"embeddable":true,"href":"https:\/\/www.archeo3d.net\/index.php?rest_route=\/wp\/v2\/media\/896"}],"wp:attachment":[{"href":"https:\/\/www.archeo3d.net\/index.php?rest_route=%2Fwp%2Fv2%2Fmedia&parent=842"}],"curies":[{"name":"wp","href":"https:\/\/api.w.org\/{rel}","templated":true}]}}